{"id":53831,"date":"2023-06-13T16:59:42","date_gmt":"2023-06-13T13:59:42","guid":{"rendered":"https:\/\/www.skupturkiye.org.tr\/final-beneficiary\/"},"modified":"2024-01-15T01:37:31","modified_gmt":"2024-01-14T22:37:31","slug":"final-beneficiary","status":"publish","type":"page","link":"https:\/\/www.skupturkiye.org.tr\/en\/final-beneficiary\/","title":{"rendered":"Final Beneficiary"},"content":{"rendered":"\t\t<div data-elementor-type=\"wp-page\" data-elementor-id=\"53831\" class=\"elementor elementor-53831 elementor-51208\">\n\t\t\t\t\t\t<section class=\"elementor-section elementor-top-section elementor-element elementor-element-5df4e74 elementor-section-stretched elementor-section-boxed elementor-section-height-default elementor-section-height-default tm-col-stretched-none tm-bg-color-over-image\" data-id=\"5df4e74\" data-element_type=\"section\" data-settings=\"{&quot;background_background&quot;:&quot;classic&quot;,&quot;stretch_section&quot;:&quot;section-stretched&quot;}\">\n\t\t\t\t\t\t\t<div class=\"elementor-background-overlay\"><\/div>\n\t\t\t\t\t\t\t<div class=\"elementor-container elementor-column-gap-extended\">\n\t\t\t\t\t<div class=\"elementor-column elementor-col-100 elementor-top-column elementor-element elementor-element-510542b tm-bg-color-over-image\" data-id=\"510542b\" data-element_type=\"column\">\n\t\t\t<div class=\"elementor-widget-wrap elementor-element-populated\">\n\t\t\t\t\t\t<section class=\"elementor-section elementor-inner-section elementor-element elementor-element-af04154 elementor-section-boxed elementor-section-height-default elementor-section-height-default tm-col-stretched-none tm-bg-color-over-image\" data-id=\"af04154\" data-element_type=\"section\">\n\t\t\t\t\t\t<div class=\"elementor-container elementor-column-gap-extended\">\n\t\t\t\t\t<div class=\"elementor-column elementor-col-33 elementor-inner-column elementor-element elementor-element-69b32f2 tm-bg-color-over-image\" data-id=\"69b32f2\" data-element_type=\"column\">\n\t\t\t<div class=\"elementor-widget-wrap elementor-element-populated\">\n\t\t\t\t\t\t<div class=\"elementor-element elementor-element-1b31c7b elementor-widget elementor-widget-tm-ele-animated-layers\" data-id=\"1b31c7b\" data-element_type=\"widget\" data-widget_type=\"tm-ele-animated-layers.default\">\n\t\t\t\t<div class=\"elementor-widget-container\">\n\t\t\t\t\t<div class=\"tm-sc-animated-layer-advanced \">\r\n\t\t\t<div class=\"animated-layer-advanced-inner clearfix\">\r\n\t\r\n<div class=\"layer-image-wrapper layer-image  layer-image-fullwidth elementor-repeater-item-c0d80af\" style=\"\">\r\n\t<div class=\"layer-inner layer-image  \">\r\n\t\t<div class=\"layer-image-inner-wrapper image-hover-effect-shine\">\r\n\t\t\t<img decoding=\"async\" class=\"\" src=\"https:\/\/www.skupturkiye.org.tr\/wp-content\/uploads\/2023\/06\/TBB-binasi.jpg\" alt=\"Image\">\r\n\t\t<\/div>\r\n\t<\/div>\r\n<\/div>\r\n\r\n<div class=\"layer-image-wrapper layer-image  layer-image-fullwidth elementor-repeater-item-e272b9e\" style=\"\">\r\n\t<div class=\"layer-inner layer-image  \">\r\n\t\t<div class=\"layer-image-inner-wrapper image-hover-effect-shine\">\r\n\t\t\t<img decoding=\"async\" class=\"\" src=\"https:\/\/www.skupturkiye.org.tr\/wp-content\/uploads\/2023\/06\/TBB-logo.jpg\" alt=\"Image\">\r\n\t\t<\/div>\r\n\t<\/div>\r\n<\/div>\r\n\t\t\t<\/div>\r\n\t\t\t<div class=\"clearfix\"><\/div>\r\n\t\t<\/div>\r\n\t\t\t<\/div>\n\t\t\t\t<\/div>\n\t\t\t\t\t<\/div>\n\t\t<\/div>\n\t\t\t\t<div class=\"elementor-column elementor-col-33 elementor-inner-column elementor-element elementor-element-2a5dc4b elementor-hidden-tablet elementor-hidden-mobile tm-bg-color-over-image\" data-id=\"2a5dc4b\" data-element_type=\"column\">\n\t\t\t<div class=\"elementor-widget-wrap\">\n\t\t\t\t\t\t\t<\/div>\n\t\t<\/div>\n\t\t\t\t<div class=\"elementor-column elementor-col-33 elementor-inner-column elementor-element elementor-element-9c4c455 tm-bg-color-over-image\" data-id=\"9c4c455\" data-element_type=\"column\">\n\t\t\t<div class=\"elementor-widget-wrap elementor-element-populated\">\n\t\t\t\t\t\t<div class=\"elementor-element elementor-element-1f691e8 elementor-widget elementor-widget-tm-ele-text-editor-advanced\" data-id=\"1f691e8\" data-element_type=\"widget\" data-widget_type=\"tm-ele-text-editor-advanced.default\">\n\t\t\t\t<div class=\"elementor-widget-container\">\n\t\t\t\t\t<div class=\"tm-text-editor-advanced\">\r\n\t\t\t\t\t<div class=\"each-item elementor-repeater-item-11aec28\">\r\n\t\t\t\t\t\t\t\t<\/div>\r\n\t\t\t\t\t\t<\/div>\r\n\t\t\t<\/div>\n\t\t\t\t<\/div>\n\t\t\t\t<div class=\"elementor-element elementor-element-cfa7ed9 elementor-widget elementor-widget-tm-ele-text-editor-advanced\" data-id=\"cfa7ed9\" data-element_type=\"widget\" data-widget_type=\"tm-ele-text-editor-advanced.default\">\n\t\t\t\t<div class=\"elementor-widget-container\">\n\t\t\t\t\t<div class=\"tm-text-editor-advanced\">\r\n\t\t\t\t\t<div class=\"each-item elementor-repeater-item-11aec28\">\r\n\t\t\t\t<p>The project titled 'Support for Sustainable Urban Mobility in Cities,' abbreviated as SUMP T\u00fcrkiye, has the final beneficiary as the Union of Municipalities of T\u00fcrkiye (UMT). Co-financed by the Republic of T\u00fcrkiye and the European Union, the SUMP T\u00fcrkiye project has been initiated in alignment with the vision of the Union of Municipalities of T\u00fcrkiye. Its aim is to promote, clarify, and implement the concept of Sustainable Urban Mobility Plans (SUMPs) in all municipalities, parallel to the vision of the Union of Municipalities of T\u00fcrkiye.<\/p>\t\t\t\t<\/div>\r\n\t\t\t\t\t\t<\/div>\r\n\t\t\t<\/div>\n\t\t\t\t<\/div>\n\t\t\t\t<div class=\"elementor-element elementor-element-1f8a832 elementor-widget elementor-widget-tm-ele-text-editor-advanced\" data-id=\"1f8a832\" data-element_type=\"widget\" data-widget_type=\"tm-ele-text-editor-advanced.default\">\n\t\t\t\t<div class=\"elementor-widget-container\">\n\t\t\t\t\t<div class=\"tm-text-editor-advanced\">\r\n\t\t\t\t\t<div class=\"each-item elementor-repeater-item-11aec28\">\r\n\t\t\t\t<p>The Union of Municipalities of T\u00fcrkiye (UMT) was established in 1945 as a non-profit association to operate in the field of municipal affairs. In 2005, it gained the authority to represent municipalities at national and international levels, becoming the sole local government association of which, all municipalities are natural members.<\/p>\t\t\t\t<\/div>\r\n\t\t\t\t\t\t<\/div>\r\n\t\t\t<\/div>\n\t\t\t\t<\/div>\n\t\t\t\t<div class=\"elementor-element elementor-element-ed52971 elementor-widget elementor-widget-tm-ele-text-editor-advanced\" data-id=\"ed52971\" data-element_type=\"widget\" data-widget_type=\"tm-ele-text-editor-advanced.default\">\n\t\t\t\t<div class=\"elementor-widget-container\">\n\t\t\t\t\t<div class=\"tm-text-editor-advanced\">\r\n\t\t\t\t\t<div class=\"each-item elementor-repeater-item-11aec28\">\r\n\t\t\t\t<p>UMT, with its transformative approach, aims to implement practices that address unmet needs in local governance and strives to be a national and international union in this field.<\/p>\t\t\t\t<\/div>\r\n\t\t\t\t\t\t<\/div>\r\n\t\t\t<\/div>\n\t\t\t\t<\/div>\n\t\t\t\t\t<\/div>\n\t\t<\/div>\n\t\t\t\t\t<\/div>\n\t\t<\/section>\n\t\t\t\t<section class=\"elementor-section elementor-inner-section elementor-element elementor-element-21414e6 elementor-section-boxed elementor-section-height-default elementor-section-height-default tm-col-stretched-none tm-bg-color-over-image\" data-id=\"21414e6\" data-element_type=\"section\">\n\t\t\t\t\t\t<div class=\"elementor-container elementor-column-gap-extended\">\n\t\t\t\t\t<div class=\"elementor-column elementor-col-100 elementor-inner-column elementor-element elementor-element-9e5da52 tm-bg-color-over-image\" data-id=\"9e5da52\" data-element_type=\"column\">\n\t\t\t<div class=\"elementor-widget-wrap\">\n\t\t\t\t\t\t\t<\/div>\n\t\t<\/div>\n\t\t\t\t\t<\/div>\n\t\t<\/section>\n\t\t\t\t\t<\/div>\n\t\t<\/div>\n\t\t\t\t\t<\/div>\n\t\t<\/section>\n\t\t\t\t<\/div>\n\t\t","protected":false},"excerpt":{"rendered":"<p>The project titled &#8216;Support for Sustainable Urban Mobility in Cities,&#8217; abbreviated as SUMP T\u00fcrkiye, has the final beneficiary as the&#8230;<\/p>\n","protected":false},"author":1,"featured_media":0,"parent":0,"menu_order":0,"comment_status":"closed","ping_status":"closed","template":"","meta":{"footnotes":""},"class_list":["post-53831","page","type-page","status-publish","hentry"],"yoast_head":"<!-- This site is optimized with the Yoast SEO plugin v23.9 - https:\/\/yoast.com\/wordpress\/plugins\/seo\/ -->\n<title>Final Beneficiary - SKUP T\u00dcRK\u0130YE<\/title>\n<meta name=\"robots\" content=\"index, follow, max-snippet:-1, max-image-preview:large, max-video-preview:-1\" \/>\n<link rel=\"canonical\" href=\"https:\/\/www.skupturkiye.org.tr\/nihai-faydalanici\/\" \/>\n<meta property=\"og:locale\" content=\"en_US\" \/>\n<meta property=\"og:type\" content=\"article\" \/>\n<meta property=\"og:title\" content=\"Final Beneficiary - SKUP T\u00dcRK\u0130YE\" \/>\n<meta property=\"og:description\" content=\"The project titled &#8216;Support for Sustainable Urban Mobility in Cities,&#8217; abbreviated as SUMP T\u00fcrkiye, has the final beneficiary as the...\" \/>\n<meta property=\"og:url\" content=\"https:\/\/www.skupturkiye.org.tr\/nihai-faydalanici\/\" \/>\n<meta property=\"og:site_name\" content=\"SKUP T\u00dcRK\u0130YE\" \/>\n<meta property=\"article:modified_time\" content=\"2024-01-14T22:37:31+00:00\" \/>\n<meta property=\"og:image\" content=\"https:\/\/www.skupturkiye.org.tr\/wp-content\/uploads\/2023\/06\/TBB-binasi.jpg\" \/>\n<meta name=\"twitter:card\" content=\"summary_large_image\" \/>\n<meta name=\"twitter:label1\" content=\"Est. reading time\" \/>\n\t<meta name=\"twitter:data1\" content=\"2 minutes\" \/>\n<script type=\"application\/ld+json\" class=\"yoast-schema-graph\">{\"@context\":\"https:\/\/schema.org\",\"@graph\":[{\"@type\":\"WebPage\",\"@id\":\"https:\/\/www.skupturkiye.org.tr\/nihai-faydalanici\/\",\"url\":\"https:\/\/www.skupturkiye.org.tr\/nihai-faydalanici\/\",\"name\":\"Final Beneficiary - SKUP T\u00dcRK\u0130YE\",\"isPartOf\":{\"@id\":\"https:\/\/www.skupturkiye.org.tr\/#website\"},\"primaryImageOfPage\":{\"@id\":\"https:\/\/www.skupturkiye.org.tr\/nihai-faydalanici\/#primaryimage\"},\"image\":{\"@id\":\"https:\/\/www.skupturkiye.org.tr\/nihai-faydalanici\/#primaryimage\"},\"thumbnailUrl\":\"https:\/\/www.skupturkiye.org.tr\/wp-content\/uploads\/2023\/06\/TBB-binasi.jpg\",\"datePublished\":\"2023-06-13T13:59:42+00:00\",\"dateModified\":\"2024-01-14T22:37:31+00:00\",\"breadcrumb\":{\"@id\":\"https:\/\/www.skupturkiye.org.tr\/nihai-faydalanici\/#breadcrumb\"},\"inLanguage\":\"en-US\",\"potentialAction\":[{\"@type\":\"ReadAction\",\"target\":[\"https:\/\/www.skupturkiye.org.tr\/nihai-faydalanici\/\"]}]},{\"@type\":\"ImageObject\",\"inLanguage\":\"en-US\",\"@id\":\"https:\/\/www.skupturkiye.org.tr\/nihai-faydalanici\/#primaryimage\",\"url\":\"https:\/\/www.skupturkiye.org.tr\/wp-content\/uploads\/2023\/06\/TBB-binasi.jpg\",\"contentUrl\":\"https:\/\/www.skupturkiye.org.tr\/wp-content\/uploads\/2023\/06\/TBB-binasi.jpg\"},{\"@type\":\"BreadcrumbList\",\"@id\":\"https:\/\/www.skupturkiye.org.tr\/nihai-faydalanici\/#breadcrumb\",\"itemListElement\":[{\"@type\":\"ListItem\",\"position\":1,\"name\":\"Anasayfa\",\"item\":\"https:\/\/www.skupturkiye.org.tr\/en\/\"},{\"@type\":\"ListItem\",\"position\":2,\"name\":\"Final Beneficiary\"}]},{\"@type\":\"WebSite\",\"@id\":\"https:\/\/www.skupturkiye.org.tr\/#website\",\"url\":\"https:\/\/www.skupturkiye.org.tr\/\",\"name\":\"SKUP T\u00dcRK\u0130YE\",\"description\":\"\",\"potentialAction\":[{\"@type\":\"SearchAction\",\"target\":{\"@type\":\"EntryPoint\",\"urlTemplate\":\"https:\/\/www.skupturkiye.org.tr\/?s={search_term_string}\"},\"query-input\":{\"@type\":\"PropertyValueSpecification\",\"valueRequired\":true,\"valueName\":\"search_term_string\"}}],\"inLanguage\":\"en-US\"}]}<\/script>\n<!-- \/ Yoast SEO plugin. -->","yoast_head_json":{"title":"Final Beneficiary - SKUP T\u00dcRK\u0130YE","robots":{"index":"index","follow":"follow","max-snippet":"max-snippet:-1","max-image-preview":"max-image-preview:large","max-video-preview":"max-video-preview:-1"},"canonical":"https:\/\/www.skupturkiye.org.tr\/nihai-faydalanici\/","og_locale":"en_US","og_type":"article","og_title":"Final Beneficiary - SKUP T\u00dcRK\u0130YE","og_description":"The project titled &#8216;Support for Sustainable Urban Mobility in Cities,&#8217; abbreviated as SUMP T\u00fcrkiye, has the final beneficiary as the...","og_url":"https:\/\/www.skupturkiye.org.tr\/nihai-faydalanici\/","og_site_name":"SKUP T\u00dcRK\u0130YE","article_modified_time":"2024-01-14T22:37:31+00:00","og_image":[{"url":"https:\/\/www.skupturkiye.org.tr\/wp-content\/uploads\/2023\/06\/TBB-binasi.jpg"}],"twitter_card":"summary_large_image","twitter_misc":{"Est. reading time":"2 minutes"},"schema":{"@context":"https:\/\/schema.org","@graph":[{"@type":"WebPage","@id":"https:\/\/www.skupturkiye.org.tr\/nihai-faydalanici\/","url":"https:\/\/www.skupturkiye.org.tr\/nihai-faydalanici\/","name":"Final Beneficiary - SKUP T\u00dcRK\u0130YE","isPartOf":{"@id":"https:\/\/www.skupturkiye.org.tr\/#website"},"primaryImageOfPage":{"@id":"https:\/\/www.skupturkiye.org.tr\/nihai-faydalanici\/#primaryimage"},"image":{"@id":"https:\/\/www.skupturkiye.org.tr\/nihai-faydalanici\/#primaryimage"},"thumbnailUrl":"https:\/\/www.skupturkiye.org.tr\/wp-content\/uploads\/2023\/06\/TBB-binasi.jpg","datePublished":"2023-06-13T13:59:42+00:00","dateModified":"2024-01-14T22:37:31+00:00","breadcrumb":{"@id":"https:\/\/www.skupturkiye.org.tr\/nihai-faydalanici\/#breadcrumb"},"inLanguage":"en-US","potentialAction":[{"@type":"ReadAction","target":["https:\/\/www.skupturkiye.org.tr\/nihai-faydalanici\/"]}]},{"@type":"ImageObject","inLanguage":"en-US","@id":"https:\/\/www.skupturkiye.org.tr\/nihai-faydalanici\/#primaryimage","url":"https:\/\/www.skupturkiye.org.tr\/wp-content\/uploads\/2023\/06\/TBB-binasi.jpg","contentUrl":"https:\/\/www.skupturkiye.org.tr\/wp-content\/uploads\/2023\/06\/TBB-binasi.jpg"},{"@type":"BreadcrumbList","@id":"https:\/\/www.skupturkiye.org.tr\/nihai-faydalanici\/#breadcrumb","itemListElement":[{"@type":"ListItem","position":1,"name":"Anasayfa","item":"https:\/\/www.skupturkiye.org.tr\/en\/"},{"@type":"ListItem","position":2,"name":"Final Beneficiary"}]},{"@type":"WebSite","@id":"https:\/\/www.skupturkiye.org.tr\/#website","url":"https:\/\/www.skupturkiye.org.tr\/","name":"SKUP T\u00dcRK\u0130YE","description":"","potentialAction":[{"@type":"SearchAction","target":{"@type":"EntryPoint","urlTemplate":"https:\/\/www.skupturkiye.org.tr\/?s={search_term_string}"},"query-input":{"@type":"PropertyValueSpecification","valueRequired":true,"valueName":"search_term_string"}}],"inLanguage":"en-US"}]}},"wpcf_dashboard":"<div class=\"woocommerce\"><div class=\"woocommerce-info\">Please log in first? <a class=\"wpneoShowLogin\" href=\"#\">Click here to login<\/a><\/div><div class=\"wpneo_login_form_div\" style=\"display: none;\"><form name=\"loginform\" id=\"loginform\" action=\"https:\/\/www.skupturkiye.org.tr\/wp-login.php\" method=\"post\"><p class=\"login-username\">\n\t\t\t\t<label for=\"user_login\">Username or Email Address<\/label>\n\t\t\t\t<input type=\"text\" name=\"log\" id=\"user_login\" autocomplete=\"username\" class=\"input\" value=\"\" size=\"20\" \/>\n\t\t\t<\/p><p class=\"login-password\">\n\t\t\t\t<label for=\"user_pass\">Password<\/label>\n\t\t\t\t<input type=\"password\" name=\"pwd\" id=\"user_pass\" autocomplete=\"current-password\" spellcheck=\"false\" class=\"input\" value=\"\" size=\"20\" \/>\n\t\t\t<\/p><p class=\"login-remember\"><label><input name=\"rememberme\" type=\"checkbox\" id=\"rememberme\" value=\"forever\" \/> Remember Me<\/label><\/p><p class=\"login-submit\">\n\t\t\t\t<input type=\"submit\" name=\"wp-submit\" id=\"wp-submit\" class=\"button button-primary\" value=\"Log In\" \/>\n\t\t\t\t<input type=\"hidden\" name=\"redirect_to\" value=\"https:\/\/www.skupturkiye.org.tr\/en\/wp-json\/wp\/v2\/pages\/53831\" \/>\n\t\t\t<\/p><\/form><\/div><\/div>","_links":{"self":[{"href":"https:\/\/www.skupturkiye.org.tr\/en\/wp-json\/wp\/v2\/pages\/53831","targetHints":{"allow":["GET"]}}],"collection":[{"href":"https:\/\/www.skupturkiye.org.tr\/en\/wp-json\/wp\/v2\/pages"}],"about":[{"href":"https:\/\/www.skupturkiye.org.tr\/en\/wp-json\/wp\/v2\/types\/page"}],"author":[{"embeddable":true,"href":"https:\/\/www.skupturkiye.org.tr\/en\/wp-json\/wp\/v2\/users\/1"}],"replies":[{"embeddable":true,"href":"https:\/\/www.skupturkiye.org.tr\/en\/wp-json\/wp\/v2\/comments?post=53831"}],"version-history":[{"count":6,"href":"https:\/\/www.skupturkiye.org.tr\/en\/wp-json\/wp\/v2\/pages\/53831\/revisions"}],"predecessor-version":[{"id":53866,"href":"https:\/\/www.skupturkiye.org.tr\/en\/wp-json\/wp\/v2\/pages\/53831\/revisions\/53866"}],"wp:attachment":[{"href":"https:\/\/www.skupturkiye.org.tr\/en\/wp-json\/wp\/v2\/media?parent=53831"}],"curies":[{"name":"wp","href":"https:\/\/api.w.org\/{rel}","templated":true}]}}