{"id":53846,"date":"2023-06-15T00:36:37","date_gmt":"2023-06-14T21:36:37","guid":{"rendered":"https:\/\/www.skupturkiye.org.tr\/?page_id=53846"},"modified":"2025-07-17T19:32:00","modified_gmt":"2025-07-17T16:32:00","slug":"guides-and-handbooks","status":"publish","type":"page","link":"https:\/\/www.skupturkiye.org.tr\/en\/guides-and-handbooks\/","title":{"rendered":"Guides and Handbooks"},"content":{"rendered":"\t\t<div data-elementor-type=\"wp-page\" data-elementor-id=\"53846\" class=\"elementor elementor-53846 elementor-51352\">\n\t\t\t\t\t\t<section class=\"elementor-section elementor-top-section elementor-element elementor-element-9f0f100 elementor-section-stretched elementor-section-boxed elementor-section-height-default elementor-section-height-default tm-col-stretched-none tm-bg-color-over-image\" data-id=\"9f0f100\" data-element_type=\"section\" data-settings=\"{&quot;background_background&quot;:&quot;classic&quot;,&quot;stretch_section&quot;:&quot;section-stretched&quot;}\">\n\t\t\t\t\t\t\t<div class=\"elementor-background-overlay\"><\/div>\n\t\t\t\t\t\t\t<div class=\"elementor-container elementor-column-gap-extended\">\n\t\t\t\t\t<div class=\"elementor-column elementor-col-100 elementor-top-column elementor-element elementor-element-39904a7 tm-bg-color-over-image\" data-id=\"39904a7\" data-element_type=\"column\">\n\t\t\t<div class=\"elementor-widget-wrap elementor-element-populated\">\n\t\t\t\t\t\t<section class=\"elementor-section elementor-inner-section elementor-element elementor-element-f5a6fca elementor-section-boxed elementor-section-height-default elementor-section-height-default tm-col-stretched-none tm-bg-color-over-image\" data-id=\"f5a6fca\" data-element_type=\"section\">\n\t\t\t\t\t\t<div class=\"elementor-container elementor-column-gap-extended\">\n\t\t\t\t\t<div class=\"elementor-column elementor-col-50 elementor-inner-column elementor-element elementor-element-2664c3b tm-bg-color-over-image\" data-id=\"2664c3b\" data-element_type=\"column\">\n\t\t\t<div class=\"elementor-widget-wrap elementor-element-populated\">\n\t\t\t\t\t\t<div class=\"elementor-element elementor-element-0a78ff7 elementor-widget elementor-widget-tm-ele-animated-layers\" data-id=\"0a78ff7\" data-element_type=\"widget\" data-widget_type=\"tm-ele-animated-layers.default\">\n\t\t\t\t<div class=\"elementor-widget-container\">\n\t\t\t\t\t<div class=\"tm-sc-animated-layer-advanced \">\r\n\t\t\t<div class=\"animated-layer-advanced-inner clearfix\">\r\n\t\r\n<div class=\"layer-image-wrapper layer-image  layer-image-fullwidth elementor-repeater-item-c0d80af\" style=\"\">\r\n\t<div class=\"layer-inner layer-image  \">\r\n\t\t<div class=\"layer-image-inner-wrapper image-hover-effect-shine\">\r\n\t\t\t<img decoding=\"async\" class=\"\" src=\"https:\/\/www.skupturkiye.org.tr\/wp-content\/uploads\/2023\/06\/KUTUPHANE.jpg\" alt=\"Image\">\r\n\t\t<\/div>\r\n\t<\/div>\r\n<\/div>\r\n\t\t\t<\/div>\r\n\t\t\t<div class=\"clearfix\"><\/div>\r\n\t\t<\/div>\r\n\t\t\t<\/div>\n\t\t\t\t<\/div>\n\t\t\t\t\t<\/div>\n\t\t<\/div>\n\t\t\t\t<div class=\"elementor-column elementor-col-50 elementor-inner-column elementor-element elementor-element-0ed2cac tm-bg-color-over-image\" data-id=\"0ed2cac\" data-element_type=\"column\">\n\t\t\t<div class=\"elementor-widget-wrap elementor-element-populated\">\n\t\t\t\t\t\t<div class=\"elementor-element elementor-element-95049e4 elementor-widget elementor-widget-heading\" data-id=\"95049e4\" data-element_type=\"widget\" data-widget_type=\"heading.default\">\n\t\t\t\t<div class=\"elementor-widget-container\">\n\t\t\t<style>\/*! elementor - v3.21.0 - 08-05-2024 *\/\n.elementor-heading-title{padding:0;margin:0;line-height:1}.elementor-widget-heading .elementor-heading-title[class*=elementor-size-]>a{color:inherit;font-size:inherit;line-height:inherit}.elementor-widget-heading .elementor-heading-title.elementor-size-small{font-size:15px}.elementor-widget-heading .elementor-heading-title.elementor-size-medium{font-size:19px}.elementor-widget-heading .elementor-heading-title.elementor-size-large{font-size:29px}.elementor-widget-heading .elementor-heading-title.elementor-size-xl{font-size:39px}.elementor-widget-heading .elementor-heading-title.elementor-size-xxl{font-size:59px}<\/style><h2 class=\"elementor-heading-title elementor-size-large\">Guides and Handbooks<\/h2>\t\t<\/div>\n\t\t\t\t<\/div>\n\t\t\t\t<div class=\"elementor-element elementor-element-ebe24f9 elementor-widget elementor-widget-tm-ele-text-editor-advanced\" data-id=\"ebe24f9\" data-element_type=\"widget\" data-widget_type=\"tm-ele-text-editor-advanced.default\">\n\t\t\t\t<div class=\"elementor-widget-container\">\n\t\t\t\t\t<div class=\"tm-text-editor-advanced\">\r\n\t\t\t\t\t<div class=\"each-item elementor-repeater-item-11aec28\">\r\n\t\t\t\t<p>Through the links below, you can access guides translated from the ELTIS library and handbooks developed within the scope of the SUMP T\u00fcrkiye Project, all designed to support the sustainable urban mobility planning process.<\/p><p>These publications are presented in two categories:<\/p><p><strong>ELTIS Guides:<\/strong><br \/>Originally developed by the European Commission, these core reference materials on sustainable urban mobility planning have been translated into Turkish and adapted to the national context. All sections of each guide are aligned with local needs and ensure consistency in technical terminology.<\/p><p><strong>Handbooks:<\/strong><br \/>Specifically developed within the SUMP T\u00fcrkiye Project, these handbooks are tailored to the needs of local administrations in T\u00fcrkiye and provide practical guidance on various thematic areas.<\/p><p>All documents are available in both their original language (English) and in Turkish as bilingual publications. The list will be updated regularly as translation and publication processes are completed.<\/p><p>\ud83d\udccc To access online training presentations, please visit the <a href=\"_wp_link_placeholder\" data-wplink-edit=\"true\">Online Trainings<\/a> section.<\/p>\t\t\t\t<\/div>\r\n\t\t\t\t\t\t<\/div>\r\n\t\t\t<\/div>\n\t\t\t\t<\/div>\n\t\t\t\t\t<\/div>\n\t\t<\/div>\n\t\t\t\t\t<\/div>\n\t\t<\/section>\n\t\t\t\t<section class=\"elementor-section elementor-inner-section elementor-element elementor-element-538ca58 elementor-section-boxed elementor-section-height-default elementor-section-height-default tm-col-stretched-none tm-bg-color-over-image\" data-id=\"538ca58\" data-element_type=\"section\">\n\t\t\t\t\t\t<div class=\"elementor-container elementor-column-gap-extended\">\n\t\t\t\t\t<div class=\"elementor-column elementor-col-100 elementor-inner-column elementor-element elementor-element-b7d986f tm-bg-color-over-image\" data-id=\"b7d986f\" data-element_type=\"column\">\n\t\t\t<div class=\"elementor-widget-wrap elementor-element-populated\">\n\t\t\t\t\t\t<div class=\"elementor-element elementor-element-12f980d elementor-widget elementor-widget-tm-ele-text-editor-advanced\" data-id=\"12f980d\" data-element_type=\"widget\" data-widget_type=\"tm-ele-text-editor-advanced.default\">\n\t\t\t\t<div class=\"elementor-widget-container\">\n\t\t\t\t\t<div class=\"tm-text-editor-advanced\">\r\n\t\t\t\t\t<div class=\"each-item elementor-repeater-item-11aec28\">\r\n\t\t\t\t<table width=\"661\" style=\"background-color: #ededed;\"><tbody><tr style=\"background-color: #e0e0e0;\"><td width=\"350\"><h4>Original Documents<\/h4><\/td><td width=\"311\"><h4>Documents Translated Into Turkish<\/h4><\/td><\/tr><tr><td width=\"350\"><span style=\"text-decoration: underline;\"><a target=\"_blank\" href=\"https:\/\/www.eltis.org\/sites\/default\/files\/sump_guidelines_2019_interactive_document_1.pdf\" rel=\"noopener\">Guidelines for Developing and Implementing a Sustainable Urban Mobility Plan (2<\/a><a target=\"_blank\" href=\"https:\/\/www.eltis.org\/sites\/default\/files\/sump_guidelines_2019_interactive_document_1.pdf\" rel=\"noopener\"><sup>nd<\/sup><\/a><a target=\"_blank\" href=\"https:\/\/www.eltis.org\/sites\/default\/files\/sump_guidelines_2019_interactive_document_1.pdf\" rel=\"noopener\"> Edition)<\/a><\/span><\/td><td width=\"311\">S\u00fcrd\u00fcr\u00fclebilir Kentsel Hareketlilik Plan\u0131 (SUMP) Haz\u0131rlama ve Uygulama Rehberi (2. Bask\u0131)<\/td><\/tr><tr><td width=\"350\"><span style=\"text-decoration: underline;\"><a target=\"_blank\" href=\"https:\/\/www.sump-assessment.eu\/English\/start\" rel=\"noopener\">SUMP Self Assessment Tool<\/a><\/span><\/td><td width=\"311\">SUMP \u00d6z De\u011ferlendirme Arac\u0131<\/td><\/tr><tr><td width=\"350\"><a target=\"_blank\" href=\"https:\/\/sumps-up.eu\/fileadmin\/user_upload\/Tools_and_Resources\/Publications_and_reports\/Guidelines\/SUMP_Decision_Maker_s_Summary_interactive_high.pdf\" rel=\"noopener\"><span style=\"text-decoration: underline;\">Decision Makers Summary for Developing and Implementing a Sustainable Urban Mobility Plan<\/span><\/a><\/td><td width=\"311\"><span>Karar Vericiler i\u00e7in S\u00fcrd\u00fcr\u00fclebilir Kentsel Hareketlilik Plan\u0131 Haz\u0131rlama ve Uygulama \u00d6zeti<\/span><\/td><\/tr><tr><td width=\"350\"><span style=\"text-decoration: underline;\"><a href=\"https:\/\/urban-mobility-observatory.transport.ec.europa.eu\/document\/download\/2f898f56-9347-4e2e-bc04-501135312512_en?filename=planning_for_more_resilient_and_robust_urban_mobility.pdf\" target=\"_blank\" rel=\"noopener\">Planning for More Resilient and Robust Urban Mobility<\/a><\/span><\/td><td width=\"311\">Daha diren\u00e7li ve etkin kentsel hareketlilik i\u00e7in planlama<\/td><\/tr><tr><td width=\"350\"><a href=\"https:\/\/urban-mobility-observatory.transport.ec.europa.eu\/document\/download\/e785523a-b62f-4f36-8c33-4ba0528236ef_en?filename=uvar_and_sumps.pdf\" target=\"_blank\" rel=\"noopener\"><span style=\"text-decoration: underline;\">UVAR and SUMPs. Regulating vehicle access to cities as part of integrated mobility policies<\/span><\/a><\/td><td width=\"311\">Kentsel Ara\u00e7 Eri\u015fim D\u00fczenlemeleri ve SKUP'lar. Entegre hareketlilik politikalar\u0131n\u0131n bir par\u00e7as\u0131 olarak \u015fehirlere ara\u00e7 eri\u015fiminin d\u00fczenlenmesi<\/td><\/tr><tr><td width=\"350\"><a href=\"https:\/\/urban-mobility-observatory.transport.ec.europa.eu\/document\/download\/0194c532-730c-4c21-a408-2ac2a3a8203c_en?filename=sustainable_neighbourhood_mobility_planning.pdf\" target=\"_blank\" rel=\"noopener\"><span style=\"text-decoration: underline;\">Sustainable Neighborhood Mobility Planning<\/span><\/a><\/td><td width=\"311\"><span>Mahalle \u00d6l\u00e7e\u011finde S\u00fcrd\u00fcr\u00fclebilir Hareketlilik Planlamas\u0131<\/span><\/td><\/tr><tr><td width=\"350\"><a href=\"https:\/\/urban-mobility-observatory.transport.ec.europa.eu\/document\/download\/f4c89c93-0074-4e25-9b8d-7e1d637e4651_en?filename=electrification_planning_for_electric_road_transport_in_the_sump_context.pdf\" target=\"_blank\" rel=\"noopener\"><span style=\"text-decoration: underline;\">Electrification - Planning for electric road transport in the SUMP context<\/span><\/a><\/td><td width=\"311\">Elektrifikasyon. SKUP ba\u011flam\u0131nda elektrikli karayolu ta\u015f\u0131mac\u0131l\u0131\u011f\u0131n\u0131n planlanmas\u0131<\/td><\/tr><tr><td width=\"350\"><a href=\"https:\/\/urban-mobility-observatory.transport.ec.europa.eu\/document\/download\/89635c43-df39-4290-9665-ad613660df0d_en?filename=urban_road_safety_and_active_travel_in_sumps.pdf\" target=\"_blank\" rel=\"noopener\"><span style=\"text-decoration: underline;\">Urban road safety and active travel in sustainable urban mobility planning<\/span><\/a><\/td><td width=\"311\">S\u00fcrd\u00fcr\u00fclebilir Kentsel Hareketlilik Plan\u0131nda Kentsel Yol G\u00fcvenli\u011fi ve Aktif Hareketlilik<\/td><\/tr><tr><td width=\"350\"><a href=\"https:\/\/urban-mobility-observatory.transport.ec.europa.eu\/document\/download\/f6d558bb-8886-4a87-9884-563e40467af7_en?filename=the_role_of_intelligent_transport_systems_its_in_sumps.pdf\" target=\"_blank\" rel=\"noopener\"><span style=\"text-decoration: underline;\">Intelligent Transport Systems (ITS) and SUMPs<\/span><\/a><\/td><td width=\"311\">Ak\u0131ll\u0131 Ula\u015f\u0131m Sistemlerinin (AUS) S\u00fcrd\u00fcr\u00fclebilir Kentsel Hareketlilik Planlamas\u0131ndaki Rol\u00fc<\/td><\/tr><tr><td width=\"350\"><a href=\"https:\/\/urban-mobility-observatory.transport.ec.europa.eu\/document\/download\/4ae9e061-dfc9-4f92-afe2-30d70de76580_en?filename=parking_and_sump.pdf\" target=\"_blank\" rel=\"noopener\"><span style=\"text-decoration: underline;\">Parking and Sustainable Urban Mobility Planning: How to make parking policies more strategic, effective and sustainable<\/span><\/a><\/td><td width=\"311\">Otopark ve S\u00fcrd\u00fcr\u00fclebilir Kentsel Hareketlilik Plan\u0131: Otopark politikalar\u0131 nas\u0131l daha stratejik, etkili ve s\u00fcrd\u00fcr\u00fclebilir hale getirilir?<\/td><\/tr><tr><td width=\"350\"><a target=\"_blank\" href=\"https:\/\/urban-mobility-observatory.transport.ec.europa.eu\/mobility-plans\/glossary\" rel=\"noopener\"><span style=\"text-decoration: underline;\">SUMP Glossary (Annex to the SUMP Guidelines) \u2013 updated version\u00a0<\/span><\/a><\/td><td width=\"311\"><span>SKUp Terimler S\u00f6zl\u00fc\u011f\u00fc (SKUp Rehberine Ek) \u2013 G\u00fcncellenmi\u015f Versiyon<\/span><\/td><\/tr><tr><td width=\"350\"><a href=\"https:\/\/urban-mobility-observatory.transport.ec.europa.eu\/document\/download\/93b1189a-f641-4156-b4a9-e8beb7a6c9a8_en?filename=integrating_mobility_management_into_sumps.pdf\" target=\"_blank\" rel=\"noopener\"><span style=\"text-decoration: underline;\">Integrating Mobility Management for Public and Private Organisations into SUMPsUITP Public Transport Trends<\/span><\/a><\/td><td width=\"311\">Kamu ve \u00d6zel Kurulu\u015flar i\u00e7in Hareketlilik Y\u00f6netimi ve SKUp'a Entegrasyonu<\/td><\/tr><tr><td><\/td><td style=\"color: red; text-transform: unset;\">The Turkish translations will be uploaded following the completion of the approval processes.<\/td><\/tr><\/tbody><\/table>\t\t\t\t<\/div>\r\n\t\t\t\t\t\t<\/div>\r\n\t\t\t<\/div>\n\t\t\t\t<\/div>\n\t\t\t\t<div class=\"elementor-element elementor-element-605b9b3 elementor-widget elementor-widget-heading\" data-id=\"605b9b3\" data-element_type=\"widget\" data-widget_type=\"heading.default\">\n\t\t\t\t<div class=\"elementor-widget-container\">\n\t\t\t<h2 class=\"elementor-heading-title elementor-size-large\">New Guides and Handbooks to be Prepared by SUMP T\u00fcrkiye\n<\/h2>\t\t<\/div>\n\t\t\t\t<\/div>\n\t\t\t\t<div class=\"elementor-element elementor-element-bb6b7f9 elementor-widget elementor-widget-tm-ele-text-editor-advanced\" data-id=\"bb6b7f9\" data-element_type=\"widget\" data-widget_type=\"tm-ele-text-editor-advanced.default\">\n\t\t\t\t<div class=\"elementor-widget-container\">\n\t\t\t\t\t<div class=\"tm-text-editor-advanced\">\r\n\t\t\t\t\t<div class=\"each-item elementor-repeater-item-96fc9f5\">\r\n\t\t\t\t<table width=\"661\" style=\"background-color: #ededed;\"><tbody><tr><td width=\"350\"><strong>Handbooks which will be developed by SUMP T\u00fcrkiye<\/strong><\/td><td width=\"311\"><strong>SKUP T\u00fcrkiye taraf\u0131ndan \u00fcretilecek k\u0131lavuz ve el kitaplar\u0131<\/strong><\/td><\/tr><tr><td width=\"350\">Mobility Guideline During Pandemic and Disaster Response<\/td><td width=\"311\">Pandemi ve Afet M\u00fcdahalesi S\u0131ras\u0131nda Hareketlilik Rehberi<\/td><\/tr><tr><td width=\"350\">Guidelines For Bus Rapid Transportation<\/td><td width=\"311\">H\u0131zl\u0131 Otob\u00fcs Ta\u015f\u0131mac\u0131l\u0131\u011f\u0131 Rehberi<\/td><\/tr><tr><td width=\"350\">Guideline For Mobility Data Management for Sustainable Mobility Policy Development<\/td><td width=\"311\">S\u00fcrd\u00fcr\u00fclebilir Hareketlilik Politikas\u0131 Geli\u015fimi \u0130\u00e7in Ula\u015f\u0131m Veri Y\u00f6netimi Rehberi<\/td><\/tr><tr><td width=\"350\">Handbook On Green Financing Models For Municipal \u0130nfrastructure and Vehicles Fleets<\/td><td width=\"311\">Belediye Altyap\u0131s\u0131 ve Ara\u00e7 Filolar\u0131 \u0130\u00e7in Ye\u015fil Finansman Modelleri Hakk\u0131nda El Kitab\u0131<\/td><\/tr><tr><td width=\"350\">Handbook For Origination and Commercialization Of Sustainable Urban Mobility Project Portfolio For Green Financing<\/td><td width=\"311\">Ye\u015fil Finansman \u0130\u00e7in S\u00fcrd\u00fcr\u00fclebilir Kentsel Hareketlilik Proje Portf\u00f6y\u00fcn\u00fcn Olu\u015fturulmas\u0131 ve Ticarile\u015ftirilmesi El Kitab\u0131<\/td><\/tr><tr><td><\/td><td style=\"color: red; text-transform: unset;\">The handbooks will be uploaded following the completion of the approval processes.<\/td><\/tr><\/tbody><\/table>\t\t\t\t<\/div>\r\n\t\t\t\t\t\t<\/div>\r\n\t\t\t<\/div>\n\t\t\t\t<\/div>\n\t\t\t\t<div class=\"elementor-element elementor-element-b89e16c elementor-widget elementor-widget-heading\" data-id=\"b89e16c\" data-element_type=\"widget\" data-widget_type=\"heading.default\">\n\t\t\t\t<div class=\"elementor-widget-container\">\n\t\t\t<h2 class=\"elementor-heading-title elementor-size-large\">SUMP T\u00fcrkiye Webinar Presentations<\/h2>\t\t<\/div>\n\t\t\t\t<\/div>\n\t\t\t\t<div class=\"elementor-element elementor-element-545b88a elementor-widget elementor-widget-tm-ele-text-editor-advanced\" data-id=\"545b88a\" data-element_type=\"widget\" data-widget_type=\"tm-ele-text-editor-advanced.default\">\n\t\t\t\t<div class=\"elementor-widget-container\">\n\t\t\t\t\t<div class=\"tm-text-editor-advanced\">\r\n\t\t\t\t\t<div class=\"each-item elementor-repeater-item-96fc9f5\">\r\n\t\t\t\t<p><span style=\"text-decoration: underline;\"><a href=\"https:\/\/www.skupturkiye.org.tr\/en\/webinars\/\">Click<\/a><\/span> to access SUMP T\u00fcrkiye Webinar Videos and Presentations<\/p>\t\t\t\t<\/div>\r\n\t\t\t\t\t\t<\/div>\r\n\t\t\t<\/div>\n\t\t\t\t<\/div>\n\t\t\t\t\t<\/div>\n\t\t<\/div>\n\t\t\t\t\t<\/div>\n\t\t<\/section>\n\t\t\t\t\t<\/div>\n\t\t<\/div>\n\t\t\t\t\t<\/div>\n\t\t<\/section>\n\t\t\t\t<\/div>\n\t\t","protected":false},"excerpt":{"rendered":"<p>Guides and Handbooks Through the links below, you can access guides translated from the ELTIS library and handbooks developed within&#8230;<\/p>\n","protected":false},"author":1,"featured_media":0,"parent":0,"menu_order":0,"comment_status":"closed","ping_status":"closed","template":"","meta":{"footnotes":""},"class_list":["post-53846","page","type-page","status-publish","hentry"],"yoast_head":"<!-- This site is optimized with the Yoast SEO plugin v23.9 - https:\/\/yoast.com\/wordpress\/plugins\/seo\/ -->\n<title>Guides and Handbooks - SKUP T\u00dcRK\u0130YE<\/title>\n<meta name=\"robots\" content=\"index, follow, max-snippet:-1, max-image-preview:large, max-video-preview:-1\" \/>\n<link rel=\"canonical\" href=\"https:\/\/www.skupturkiye.org.tr\/rehberler-ve-el-kitaplari\/\" \/>\n<meta property=\"og:locale\" content=\"en_US\" \/>\n<meta property=\"og:type\" content=\"article\" \/>\n<meta property=\"og:title\" content=\"Guides and Handbooks - SKUP T\u00dcRK\u0130YE\" \/>\n<meta property=\"og:description\" content=\"Guides and Handbooks Through the links below, you can access guides translated from the ELTIS library and handbooks developed within...\" \/>\n<meta property=\"og:url\" content=\"https:\/\/www.skupturkiye.org.tr\/rehberler-ve-el-kitaplari\/\" \/>\n<meta property=\"og:site_name\" content=\"SKUP T\u00dcRK\u0130YE\" \/>\n<meta property=\"article:modified_time\" content=\"2025-07-17T16:32:00+00:00\" \/>\n<meta property=\"og:image\" content=\"https:\/\/www.skupturkiye.org.tr\/wp-content\/uploads\/2023\/06\/KUTUPHANE.jpg\" \/>\n<meta name=\"twitter:card\" content=\"summary_large_image\" \/>\n<meta name=\"twitter:label1\" content=\"Est. reading time\" \/>\n\t<meta name=\"twitter:data1\" content=\"3 minutes\" \/>\n<script type=\"application\/ld+json\" class=\"yoast-schema-graph\">{\"@context\":\"https:\/\/schema.org\",\"@graph\":[{\"@type\":\"WebPage\",\"@id\":\"https:\/\/www.skupturkiye.org.tr\/rehberler-ve-el-kitaplari\/\",\"url\":\"https:\/\/www.skupturkiye.org.tr\/rehberler-ve-el-kitaplari\/\",\"name\":\"Guides and Handbooks - SKUP T\u00dcRK\u0130YE\",\"isPartOf\":{\"@id\":\"https:\/\/www.skupturkiye.org.tr\/#website\"},\"primaryImageOfPage\":{\"@id\":\"https:\/\/www.skupturkiye.org.tr\/rehberler-ve-el-kitaplari\/#primaryimage\"},\"image\":{\"@id\":\"https:\/\/www.skupturkiye.org.tr\/rehberler-ve-el-kitaplari\/#primaryimage\"},\"thumbnailUrl\":\"https:\/\/www.skupturkiye.org.tr\/wp-content\/uploads\/2023\/06\/KUTUPHANE.jpg\",\"datePublished\":\"2023-06-14T21:36:37+00:00\",\"dateModified\":\"2025-07-17T16:32:00+00:00\",\"breadcrumb\":{\"@id\":\"https:\/\/www.skupturkiye.org.tr\/rehberler-ve-el-kitaplari\/#breadcrumb\"},\"inLanguage\":\"en-US\",\"potentialAction\":[{\"@type\":\"ReadAction\",\"target\":[\"https:\/\/www.skupturkiye.org.tr\/rehberler-ve-el-kitaplari\/\"]}]},{\"@type\":\"ImageObject\",\"inLanguage\":\"en-US\",\"@id\":\"https:\/\/www.skupturkiye.org.tr\/rehberler-ve-el-kitaplari\/#primaryimage\",\"url\":\"https:\/\/www.skupturkiye.org.tr\/wp-content\/uploads\/2023\/06\/KUTUPHANE.jpg\",\"contentUrl\":\"https:\/\/www.skupturkiye.org.tr\/wp-content\/uploads\/2023\/06\/KUTUPHANE.jpg\"},{\"@type\":\"BreadcrumbList\",\"@id\":\"https:\/\/www.skupturkiye.org.tr\/rehberler-ve-el-kitaplari\/#breadcrumb\",\"itemListElement\":[{\"@type\":\"ListItem\",\"position\":1,\"name\":\"Anasayfa\",\"item\":\"https:\/\/www.skupturkiye.org.tr\/en\/\"},{\"@type\":\"ListItem\",\"position\":2,\"name\":\"Guides and Handbooks\"}]},{\"@type\":\"WebSite\",\"@id\":\"https:\/\/www.skupturkiye.org.tr\/#website\",\"url\":\"https:\/\/www.skupturkiye.org.tr\/\",\"name\":\"SKUP T\u00dcRK\u0130YE\",\"description\":\"\",\"potentialAction\":[{\"@type\":\"SearchAction\",\"target\":{\"@type\":\"EntryPoint\",\"urlTemplate\":\"https:\/\/www.skupturkiye.org.tr\/?s={search_term_string}\"},\"query-input\":{\"@type\":\"PropertyValueSpecification\",\"valueRequired\":true,\"valueName\":\"search_term_string\"}}],\"inLanguage\":\"en-US\"}]}<\/script>\n<!-- \/ Yoast SEO plugin. -->","yoast_head_json":{"title":"Guides and Handbooks - SKUP T\u00dcRK\u0130YE","robots":{"index":"index","follow":"follow","max-snippet":"max-snippet:-1","max-image-preview":"max-image-preview:large","max-video-preview":"max-video-preview:-1"},"canonical":"https:\/\/www.skupturkiye.org.tr\/rehberler-ve-el-kitaplari\/","og_locale":"en_US","og_type":"article","og_title":"Guides and Handbooks - SKUP T\u00dcRK\u0130YE","og_description":"Guides and Handbooks Through the links below, you can access guides translated from the ELTIS library and handbooks developed within...","og_url":"https:\/\/www.skupturkiye.org.tr\/rehberler-ve-el-kitaplari\/","og_site_name":"SKUP T\u00dcRK\u0130YE","article_modified_time":"2025-07-17T16:32:00+00:00","og_image":[{"url":"https:\/\/www.skupturkiye.org.tr\/wp-content\/uploads\/2023\/06\/KUTUPHANE.jpg"}],"twitter_card":"summary_large_image","twitter_misc":{"Est. reading time":"3 minutes"},"schema":{"@context":"https:\/\/schema.org","@graph":[{"@type":"WebPage","@id":"https:\/\/www.skupturkiye.org.tr\/rehberler-ve-el-kitaplari\/","url":"https:\/\/www.skupturkiye.org.tr\/rehberler-ve-el-kitaplari\/","name":"Guides and Handbooks - SKUP T\u00dcRK\u0130YE","isPartOf":{"@id":"https:\/\/www.skupturkiye.org.tr\/#website"},"primaryImageOfPage":{"@id":"https:\/\/www.skupturkiye.org.tr\/rehberler-ve-el-kitaplari\/#primaryimage"},"image":{"@id":"https:\/\/www.skupturkiye.org.tr\/rehberler-ve-el-kitaplari\/#primaryimage"},"thumbnailUrl":"https:\/\/www.skupturkiye.org.tr\/wp-content\/uploads\/2023\/06\/KUTUPHANE.jpg","datePublished":"2023-06-14T21:36:37+00:00","dateModified":"2025-07-17T16:32:00+00:00","breadcrumb":{"@id":"https:\/\/www.skupturkiye.org.tr\/rehberler-ve-el-kitaplari\/#breadcrumb"},"inLanguage":"en-US","potentialAction":[{"@type":"ReadAction","target":["https:\/\/www.skupturkiye.org.tr\/rehberler-ve-el-kitaplari\/"]}]},{"@type":"ImageObject","inLanguage":"en-US","@id":"https:\/\/www.skupturkiye.org.tr\/rehberler-ve-el-kitaplari\/#primaryimage","url":"https:\/\/www.skupturkiye.org.tr\/wp-content\/uploads\/2023\/06\/KUTUPHANE.jpg","contentUrl":"https:\/\/www.skupturkiye.org.tr\/wp-content\/uploads\/2023\/06\/KUTUPHANE.jpg"},{"@type":"BreadcrumbList","@id":"https:\/\/www.skupturkiye.org.tr\/rehberler-ve-el-kitaplari\/#breadcrumb","itemListElement":[{"@type":"ListItem","position":1,"name":"Anasayfa","item":"https:\/\/www.skupturkiye.org.tr\/en\/"},{"@type":"ListItem","position":2,"name":"Guides and Handbooks"}]},{"@type":"WebSite","@id":"https:\/\/www.skupturkiye.org.tr\/#website","url":"https:\/\/www.skupturkiye.org.tr\/","name":"SKUP T\u00dcRK\u0130YE","description":"","potentialAction":[{"@type":"SearchAction","target":{"@type":"EntryPoint","urlTemplate":"https:\/\/www.skupturkiye.org.tr\/?s={search_term_string}"},"query-input":{"@type":"PropertyValueSpecification","valueRequired":true,"valueName":"search_term_string"}}],"inLanguage":"en-US"}]}},"wpcf_dashboard":"<div class=\"woocommerce\"><div class=\"woocommerce-info\">Please log in first? <a class=\"wpneoShowLogin\" href=\"#\">Click here to login<\/a><\/div><div class=\"wpneo_login_form_div\" style=\"display: none;\"><form name=\"loginform\" id=\"loginform\" action=\"https:\/\/www.skupturkiye.org.tr\/wp-login.php\" method=\"post\"><p class=\"login-username\">\n\t\t\t\t<label for=\"user_login\">Username or Email Address<\/label>\n\t\t\t\t<input type=\"text\" name=\"log\" id=\"user_login\" autocomplete=\"username\" class=\"input\" value=\"\" size=\"20\" \/>\n\t\t\t<\/p><p class=\"login-password\">\n\t\t\t\t<label for=\"user_pass\">Password<\/label>\n\t\t\t\t<input type=\"password\" name=\"pwd\" id=\"user_pass\" autocomplete=\"current-password\" spellcheck=\"false\" class=\"input\" value=\"\" size=\"20\" \/>\n\t\t\t<\/p><p class=\"login-remember\"><label><input name=\"rememberme\" type=\"checkbox\" id=\"rememberme\" value=\"forever\" \/> Remember Me<\/label><\/p><p class=\"login-submit\">\n\t\t\t\t<input type=\"submit\" name=\"wp-submit\" id=\"wp-submit\" class=\"button button-primary\" value=\"Log In\" \/>\n\t\t\t\t<input type=\"hidden\" name=\"redirect_to\" value=\"https:\/\/www.skupturkiye.org.tr\/en\/wp-json\/wp\/v2\/pages\/53846\" \/>\n\t\t\t<\/p><\/form><\/div><\/div>","_links":{"self":[{"href":"https:\/\/www.skupturkiye.org.tr\/en\/wp-json\/wp\/v2\/pages\/53846","targetHints":{"allow":["GET"]}}],"collection":[{"href":"https:\/\/www.skupturkiye.org.tr\/en\/wp-json\/wp\/v2\/pages"}],"about":[{"href":"https:\/\/www.skupturkiye.org.tr\/en\/wp-json\/wp\/v2\/types\/page"}],"author":[{"embeddable":true,"href":"https:\/\/www.skupturkiye.org.tr\/en\/wp-json\/wp\/v2\/users\/1"}],"replies":[{"embeddable":true,"href":"https:\/\/www.skupturkiye.org.tr\/en\/wp-json\/wp\/v2\/comments?post=53846"}],"version-history":[{"count":40,"href":"https:\/\/www.skupturkiye.org.tr\/en\/wp-json\/wp\/v2\/pages\/53846\/revisions"}],"predecessor-version":[{"id":55890,"href":"https:\/\/www.skupturkiye.org.tr\/en\/wp-json\/wp\/v2\/pages\/53846\/revisions\/55890"}],"wp:attachment":[{"href":"https:\/\/www.skupturkiye.org.tr\/en\/wp-json\/wp\/v2\/media?parent=53846"}],"curies":[{"name":"wp","href":"https:\/\/api.w.org\/{rel}","templated":true}]}}