{"id":54104,"date":"2024-01-17T11:11:15","date_gmt":"2024-01-17T08:11:15","guid":{"rendered":"https:\/\/www.skupturkiye.org.tr\/sump-turkiye-volunteers-project-launching\/"},"modified":"2025-07-17T16:34:33","modified_gmt":"2025-07-17T13:34:33","slug":"sump-turkiye-volunteers","status":"publish","type":"page","link":"https:\/\/www.skupturkiye.org.tr\/en\/sump-turkiye-volunteers\/","title":{"rendered":"SUMP T\u00fcrkiye Volunteers"},"content":{"rendered":"\t\t<div data-elementor-type=\"wp-page\" data-elementor-id=\"54104\" class=\"elementor elementor-54104 elementor-54074\">\n\t\t\t\t\t\t<section class=\"elementor-section elementor-top-section elementor-element elementor-element-7a98fa8 elementor-section-boxed elementor-section-height-default elementor-section-height-default tm-col-stretched-none tm-bg-color-over-image\" data-id=\"7a98fa8\" data-element_type=\"section\">\n\t\t\t\t\t\t<div class=\"elementor-container elementor-column-gap-default\">\n\t\t\t\t\t<div class=\"elementor-column elementor-col-100 elementor-top-column elementor-element elementor-element-b4e04fe tm-bg-color-over-image\" data-id=\"b4e04fe\" data-element_type=\"column\">\n\t\t\t<div class=\"elementor-widget-wrap elementor-element-populated\">\n\t\t\t\t\t\t<div class=\"elementor-element elementor-element-36f63f7 elementor-widget elementor-widget-text-editor\" data-id=\"36f63f7\" data-element_type=\"widget\" data-widget_type=\"text-editor.default\">\n\t\t\t\t<div class=\"elementor-widget-container\">\n\t\t\t<style>\/*! elementor - v3.21.0 - 08-05-2024 *\/\n.elementor-widget-text-editor.elementor-drop-cap-view-stacked .elementor-drop-cap{background-color:#69727d;color:#fff}.elementor-widget-text-editor.elementor-drop-cap-view-framed .elementor-drop-cap{color:#69727d;border:3px solid;background-color:transparent}.elementor-widget-text-editor:not(.elementor-drop-cap-view-default) .elementor-drop-cap{margin-top:8px}.elementor-widget-text-editor:not(.elementor-drop-cap-view-default) .elementor-drop-cap-letter{width:1em;height:1em}.elementor-widget-text-editor .elementor-drop-cap{float:left;text-align:center;line-height:1;font-size:50px}.elementor-widget-text-editor .elementor-drop-cap-letter{display:inline-block}<\/style>\t\t\t\t<h4>IT&#8217;S TIME TO SEE OUR CITIES FROM A DIFFERENT PERSPECTIVE!<\/h4><p>Everything starts with seeing. Creating livable cities is our shared responsibility. Become a SKUP T\u00fcrkiye Volunteer and share your project idea with us. We\u2019ll connect you with the right stakeholders and walk alongside you to bring your project to life.<\/p>\t\t\t\t\t\t<\/div>\n\t\t\t\t<\/div>\n\t\t\t\t\t<\/div>\n\t\t<\/div>\n\t\t\t\t\t<\/div>\n\t\t<\/section>\n\t\t\t\t<section class=\"elementor-section elementor-top-section elementor-element elementor-element-22468400 elementor-section-boxed elementor-section-height-default elementor-section-height-default tm-col-stretched-none tm-bg-color-over-image\" data-id=\"22468400\" data-element_type=\"section\" data-settings=\"{&quot;background_background&quot;:&quot;classic&quot;}\">\n\t\t\t\t\t\t\t<div class=\"elementor-background-overlay\"><\/div>\n\t\t\t\t\t\t\t<div class=\"elementor-container elementor-column-gap-no\">\n\t\t\t\t\t<div class=\"elementor-column elementor-col-100 elementor-top-column elementor-element elementor-element-c94b29 tm-bg-color-over-image\" data-id=\"c94b29\" data-element_type=\"column\" data-settings=\"{&quot;background_background&quot;:&quot;classic&quot;}\">\n\t\t\t<div class=\"elementor-widget-wrap elementor-element-populated\">\n\t\t\t\t\t\t<section class=\"elementor-section elementor-inner-section elementor-element elementor-element-a6e6618 elementor-section-boxed elementor-section-height-default elementor-section-height-default tm-col-stretched-none tm-bg-color-over-image\" data-id=\"a6e6618\" data-element_type=\"section\">\n\t\t\t\t\t\t<div class=\"elementor-container elementor-column-gap-default\">\n\t\t\t\t\t<div class=\"elementor-column elementor-col-100 elementor-inner-column elementor-element elementor-element-c68986b tm-bg-color-over-image\" data-id=\"c68986b\" data-element_type=\"column\">\n\t\t\t<div class=\"elementor-widget-wrap elementor-element-populated\">\n\t\t\t\t\t\t<div class=\"elementor-element elementor-element-945301f elementor-widget elementor-widget-text-editor\" data-id=\"945301f\" data-element_type=\"widget\" data-widget_type=\"text-editor.default\">\n\t\t\t\t<div class=\"elementor-widget-container\">\n\t\t\t\t\t\t\t<h5><strong>Watch the SUMP T\u00fcrkiye Volunteers Introduction video:<\/strong><\/h5>\n<p><div class=\"tm-responsive-video-wrapper\"><iframe title=\"SKUP T\u00fcrkiye G\u00f6n\u00fcll\u00fcs\u00fc Olun!\" width=\"500\" height=\"281\" src=\"https:\/\/www.youtube.com\/embed\/41V1GR7UUWg?feature=oembed\" frameborder=\"0\" allow=\"accelerometer; autoplay; clipboard-write; encrypted-media; gyroscope; picture-in-picture; web-share\" referrerpolicy=\"strict-origin-when-cross-origin\" allowfullscreen><\/iframe><\/div><\/p>\n\t\t\t\t\t\t<\/div>\n\t\t\t\t<\/div>\n\t\t\t\t\t<\/div>\n\t\t<\/div>\n\t\t\t\t\t<\/div>\n\t\t<\/section>\n\t\t\t\t\t<\/div>\n\t\t<\/div>\n\t\t\t\t\t<\/div>\n\t\t<\/section>\n\t\t\t\t<section class=\"elementor-section elementor-top-section elementor-element elementor-element-1c37ac36 elementor-section-boxed elementor-section-height-default elementor-section-height-default tm-col-stretched-none tm-bg-color-over-image\" data-id=\"1c37ac36\" data-element_type=\"section\" data-settings=\"{&quot;background_background&quot;:&quot;classic&quot;}\">\n\t\t\t\t\t\t\t<div class=\"elementor-background-overlay\"><\/div>\n\t\t\t\t\t\t\t<div class=\"elementor-container elementor-column-gap-no\">\n\t\t\t\t\t<div class=\"elementor-column elementor-col-100 elementor-top-column elementor-element elementor-element-1e48bb90 tm-bg-color-over-image\" data-id=\"1e48bb90\" data-element_type=\"column\" data-settings=\"{&quot;background_background&quot;:&quot;classic&quot;}\">\n\t\t\t<div class=\"elementor-widget-wrap elementor-element-populated\">\n\t\t\t\t\t\t<div class=\"elementor-element elementor-element-8759134 elementor-widget elementor-widget-text-editor\" data-id=\"8759134\" data-element_type=\"widget\" data-widget_type=\"text-editor.default\">\n\t\t\t\t<div class=\"elementor-widget-container\">\n\t\t\t\t\t\t\t<h5><strong>ACADEMIA SHAPING THE FUTURE<\/strong><\/h5><p>Make a difference with your knowledge and expertise in sustainable urban mobility. How can we transform our cities to meet the 2053 net-zero emissions target? Dear academics, share your vision with SKUP T\u00fcrkiye Volunteers. Let\u2019s develop your project together and create the collaborations you need.<\/p><h5><strong>BUSINESS WORLD DRIVING SUSTAINABILITY<\/strong><\/h5><p>As companies, you have the power to promote sustainable transport solutions in urban mobility. How can your employees be encouraged to use greener alternatives to get to work? From the metro to the office\u2014on bikes, scooters, or on foot\u2014how can we make this transition easier? Make an impact with your corporate strength. Share your project ideas with us and let\u2019s bring them to life together.<\/p><h5><strong>SHARED RESPONSIBILITY WITH CIVIL SOCIETY<\/strong><\/h5><p>We want to collaborate with all civil society organizations that feel responsible for the cities they live in. Share your projects with us for cleaner air, lower carbon footprints, and a more equitable urban life. Let us connect you with the right partners and transform our cities together.<\/p><h5><strong>TRANSFORMATION THROUGH PUBLIC SECTOR LEADERSHIP<\/strong><\/h5><p>As public institutions, you are key drivers of this transformation. With sustainable urban mobility solutions, we can both improve today and safeguard our future. Take part in projects developed with SKUP T\u00fcrkiye Volunteers. Let\u2019s join forces and take concrete steps for more livable cities.<\/p><h5><strong>TIME TO ACT TOGETHER<\/strong><\/h5><p>Everyone who cares about their city and envisions a more sustainable, livable urban future is coming together under SKUP T\u00fcrkiye. Click the link below to share your institution\u2019s name and contact information. We\u2019ll reach out to you as soon as possible and work together to pave the way for your project idea.<\/p>\t\t\t\t\t\t<\/div>\n\t\t\t\t<\/div>\n\t\t\t\t<div class=\"elementor-element elementor-element-021dd70 elementor-widget__width-initial elementor-widget-tablet__width-initial elementor-widget-mobile__width-inherit elementor-hidden-phone elementor-widget elementor-widget-tm-ele-button\" data-id=\"021dd70\" data-element_type=\"widget\" data-widget_type=\"tm-ele-button.default\">\n\t\t\t\t<div class=\"elementor-widget-container\">\n\t\t\t<div class=\"tm-sc-button btn-view-details \">\r\n\t<a  href=\"https:\/\/www.skupturkiye.org.tr\/en\/contact\" \r\n\t\t\t\t\t\tclass=\"btn btn-theme-colored2 btn-xs btn-round\">\r\n\r\n\t\t\r\n\t\t\t\t<span class=\"btn-icon\"><i class=\"far fa-calendar-check\"><\/i><\/span>\r\n\t\t\r\n\t\t<span>\r\n\t\tContact\t\t<\/span>\r\n\r\n\t\t\t<\/a>\r\n<\/div>\t\t<\/div>\n\t\t\t\t<\/div>\n\t\t\t\t\t<\/div>\n\t\t<\/div>\n\t\t\t\t\t<\/div>\n\t\t<\/section>\n\t\t\t\t<section class=\"elementor-section elementor-top-section elementor-element elementor-element-1a2f091 elementor-section-boxed elementor-section-height-default elementor-section-height-default tm-col-stretched-none tm-bg-color-over-image\" data-id=\"1a2f091\" data-element_type=\"section\" data-settings=\"{&quot;background_background&quot;:&quot;classic&quot;}\">\n\t\t\t\t\t\t\t<div class=\"elementor-background-overlay\"><\/div>\n\t\t\t\t\t\t\t<div class=\"elementor-container elementor-column-gap-no\">\n\t\t\t\t\t<div class=\"elementor-column elementor-col-100 elementor-top-column elementor-element elementor-element-f1fb999 tm-bg-color-over-image\" data-id=\"f1fb999\" data-element_type=\"column\" data-settings=\"{&quot;background_background&quot;:&quot;classic&quot;}\">\n\t\t\t<div class=\"elementor-widget-wrap elementor-element-populated\">\n\t\t\t\t\t\t<div class=\"elementor-element elementor-element-2ac60b8 elementor-widget elementor-widget-text-editor\" data-id=\"2ac60b8\" data-element_type=\"widget\" data-widget_type=\"text-editor.default\">\n\t\t\t\t<div class=\"elementor-widget-container\">\n\t\t\t\t\t\t\t<h3 data-start=\"122\" data-end=\"184\"><strong data-start=\"122\" data-end=\"184\">SKUP Turkey Volunteers Meetups are on Our YouTube Channel!<\/strong><\/h3><p data-start=\"186\" data-end=\"418\" class=\"\">You can watch the SKUP Turkey Volunteers meetups on our YouTube channel by clicking here.<br data-start=\"275\" data-end=\"278\" \/>A sustainable urban life is everyone\u2019s right! Don\u2019t forget to share your thoughts in the comments for a fair and inclusive urban experience.<\/p><p data-start=\"420\" data-end=\"467\" class=\"\"><a href=\"https:\/\/www.youtube.com\/playlist?list=PLvULbbQAS00f5VPACQJLzjcwSGI4RN7t0\"><strong data-start=\"420\" data-end=\"467\">Click here to watch the meeting recordings!<\/strong><\/a><\/p>\t\t\t\t\t\t<\/div>\n\t\t\t\t<\/div>\n\t\t\t\t\t<\/div>\n\t\t<\/div>\n\t\t\t\t\t<\/div>\n\t\t<\/section>\n\t\t\t\t<\/div>\n\t\t","protected":false},"excerpt":{"rendered":"<p>IT&#8217;S TIME TO SEE OUR CITIES FROM A DIFFERENT PERSPECTIVE! Everything starts with seeing. Creating livable cities is our shared&#8230;<\/p>\n","protected":false},"author":1,"featured_media":0,"parent":0,"menu_order":0,"comment_status":"closed","ping_status":"closed","template":"","meta":{"footnotes":""},"class_list":["post-54104","page","type-page","status-publish","hentry"],"yoast_head":"<!-- This site is optimized with the Yoast SEO plugin v23.9 - https:\/\/yoast.com\/wordpress\/plugins\/seo\/ -->\n<title>SUMP T\u00fcrkiye Volunteers - SKUP T\u00dcRK\u0130YE<\/title>\n<meta name=\"robots\" content=\"index, follow, max-snippet:-1, max-image-preview:large, max-video-preview:-1\" \/>\n<link rel=\"canonical\" href=\"https:\/\/www.skupturkiye.org.tr\/skup-turkiye-gonulluleri\/\" \/>\n<meta property=\"og:locale\" content=\"en_US\" \/>\n<meta property=\"og:type\" content=\"article\" \/>\n<meta property=\"og:title\" content=\"SUMP T\u00fcrkiye Volunteers - SKUP T\u00dcRK\u0130YE\" \/>\n<meta property=\"og:description\" content=\"IT&#8217;S TIME TO SEE OUR CITIES FROM A DIFFERENT PERSPECTIVE! Everything starts with seeing. Creating livable cities is our shared...\" \/>\n<meta property=\"og:url\" content=\"https:\/\/www.skupturkiye.org.tr\/skup-turkiye-gonulluleri\/\" \/>\n<meta property=\"og:site_name\" content=\"SKUP T\u00dcRK\u0130YE\" \/>\n<meta property=\"article:modified_time\" content=\"2025-07-17T13:34:33+00:00\" \/>\n<meta name=\"twitter:card\" content=\"summary_large_image\" \/>\n<meta name=\"twitter:label1\" content=\"Est. reading time\" \/>\n\t<meta name=\"twitter:data1\" content=\"2 minutes\" \/>\n<script type=\"application\/ld+json\" class=\"yoast-schema-graph\">{\"@context\":\"https:\/\/schema.org\",\"@graph\":[{\"@type\":\"WebPage\",\"@id\":\"https:\/\/www.skupturkiye.org.tr\/skup-turkiye-gonulluleri\/\",\"url\":\"https:\/\/www.skupturkiye.org.tr\/skup-turkiye-gonulluleri\/\",\"name\":\"SUMP T\u00fcrkiye Volunteers - SKUP T\u00dcRK\u0130YE\",\"isPartOf\":{\"@id\":\"https:\/\/www.skupturkiye.org.tr\/#website\"},\"datePublished\":\"2024-01-17T08:11:15+00:00\",\"dateModified\":\"2025-07-17T13:34:33+00:00\",\"breadcrumb\":{\"@id\":\"https:\/\/www.skupturkiye.org.tr\/skup-turkiye-gonulluleri\/#breadcrumb\"},\"inLanguage\":\"en-US\",\"potentialAction\":[{\"@type\":\"ReadAction\",\"target\":[\"https:\/\/www.skupturkiye.org.tr\/skup-turkiye-gonulluleri\/\"]}]},{\"@type\":\"BreadcrumbList\",\"@id\":\"https:\/\/www.skupturkiye.org.tr\/skup-turkiye-gonulluleri\/#breadcrumb\",\"itemListElement\":[{\"@type\":\"ListItem\",\"position\":1,\"name\":\"Anasayfa\",\"item\":\"https:\/\/www.skupturkiye.org.tr\/en\/\"},{\"@type\":\"ListItem\",\"position\":2,\"name\":\"SUMP T\u00fcrkiye Volunteers\"}]},{\"@type\":\"WebSite\",\"@id\":\"https:\/\/www.skupturkiye.org.tr\/#website\",\"url\":\"https:\/\/www.skupturkiye.org.tr\/\",\"name\":\"SKUP T\u00dcRK\u0130YE\",\"description\":\"\",\"potentialAction\":[{\"@type\":\"SearchAction\",\"target\":{\"@type\":\"EntryPoint\",\"urlTemplate\":\"https:\/\/www.skupturkiye.org.tr\/?s={search_term_string}\"},\"query-input\":{\"@type\":\"PropertyValueSpecification\",\"valueRequired\":true,\"valueName\":\"search_term_string\"}}],\"inLanguage\":\"en-US\"}]}<\/script>\n<!-- \/ Yoast SEO plugin. -->","yoast_head_json":{"title":"SUMP T\u00fcrkiye Volunteers - SKUP T\u00dcRK\u0130YE","robots":{"index":"index","follow":"follow","max-snippet":"max-snippet:-1","max-image-preview":"max-image-preview:large","max-video-preview":"max-video-preview:-1"},"canonical":"https:\/\/www.skupturkiye.org.tr\/skup-turkiye-gonulluleri\/","og_locale":"en_US","og_type":"article","og_title":"SUMP T\u00fcrkiye Volunteers - SKUP T\u00dcRK\u0130YE","og_description":"IT&#8217;S TIME TO SEE OUR CITIES FROM A DIFFERENT PERSPECTIVE! Everything starts with seeing. Creating livable cities is our shared...","og_url":"https:\/\/www.skupturkiye.org.tr\/skup-turkiye-gonulluleri\/","og_site_name":"SKUP T\u00dcRK\u0130YE","article_modified_time":"2025-07-17T13:34:33+00:00","twitter_card":"summary_large_image","twitter_misc":{"Est. reading time":"2 minutes"},"schema":{"@context":"https:\/\/schema.org","@graph":[{"@type":"WebPage","@id":"https:\/\/www.skupturkiye.org.tr\/skup-turkiye-gonulluleri\/","url":"https:\/\/www.skupturkiye.org.tr\/skup-turkiye-gonulluleri\/","name":"SUMP T\u00fcrkiye Volunteers - SKUP T\u00dcRK\u0130YE","isPartOf":{"@id":"https:\/\/www.skupturkiye.org.tr\/#website"},"datePublished":"2024-01-17T08:11:15+00:00","dateModified":"2025-07-17T13:34:33+00:00","breadcrumb":{"@id":"https:\/\/www.skupturkiye.org.tr\/skup-turkiye-gonulluleri\/#breadcrumb"},"inLanguage":"en-US","potentialAction":[{"@type":"ReadAction","target":["https:\/\/www.skupturkiye.org.tr\/skup-turkiye-gonulluleri\/"]}]},{"@type":"BreadcrumbList","@id":"https:\/\/www.skupturkiye.org.tr\/skup-turkiye-gonulluleri\/#breadcrumb","itemListElement":[{"@type":"ListItem","position":1,"name":"Anasayfa","item":"https:\/\/www.skupturkiye.org.tr\/en\/"},{"@type":"ListItem","position":2,"name":"SUMP T\u00fcrkiye Volunteers"}]},{"@type":"WebSite","@id":"https:\/\/www.skupturkiye.org.tr\/#website","url":"https:\/\/www.skupturkiye.org.tr\/","name":"SKUP T\u00dcRK\u0130YE","description":"","potentialAction":[{"@type":"SearchAction","target":{"@type":"EntryPoint","urlTemplate":"https:\/\/www.skupturkiye.org.tr\/?s={search_term_string}"},"query-input":{"@type":"PropertyValueSpecification","valueRequired":true,"valueName":"search_term_string"}}],"inLanguage":"en-US"}]}},"wpcf_dashboard":"<div class=\"woocommerce\"><div class=\"woocommerce-info\">Please log in first? <a class=\"wpneoShowLogin\" href=\"#\">Click here to login<\/a><\/div><div class=\"wpneo_login_form_div\" style=\"display: none;\"><form name=\"loginform\" id=\"loginform\" action=\"https:\/\/www.skupturkiye.org.tr\/wp-login.php\" method=\"post\"><p class=\"login-username\">\n\t\t\t\t<label for=\"user_login\">Username or Email Address<\/label>\n\t\t\t\t<input type=\"text\" name=\"log\" id=\"user_login\" autocomplete=\"username\" class=\"input\" value=\"\" size=\"20\" \/>\n\t\t\t<\/p><p class=\"login-password\">\n\t\t\t\t<label for=\"user_pass\">Password<\/label>\n\t\t\t\t<input type=\"password\" name=\"pwd\" id=\"user_pass\" autocomplete=\"current-password\" spellcheck=\"false\" class=\"input\" value=\"\" size=\"20\" \/>\n\t\t\t<\/p><p class=\"login-remember\"><label><input name=\"rememberme\" type=\"checkbox\" id=\"rememberme\" value=\"forever\" \/> Remember Me<\/label><\/p><p class=\"login-submit\">\n\t\t\t\t<input type=\"submit\" name=\"wp-submit\" id=\"wp-submit\" class=\"button button-primary\" value=\"Log In\" \/>\n\t\t\t\t<input type=\"hidden\" name=\"redirect_to\" value=\"https:\/\/www.skupturkiye.org.tr\/en\/wp-json\/wp\/v2\/pages\/54104\" \/>\n\t\t\t<\/p><\/form><\/div><\/div>","_links":{"self":[{"href":"https:\/\/www.skupturkiye.org.tr\/en\/wp-json\/wp\/v2\/pages\/54104","targetHints":{"allow":["GET"]}}],"collection":[{"href":"https:\/\/www.skupturkiye.org.tr\/en\/wp-json\/wp\/v2\/pages"}],"about":[{"href":"https:\/\/www.skupturkiye.org.tr\/en\/wp-json\/wp\/v2\/types\/page"}],"author":[{"embeddable":true,"href":"https:\/\/www.skupturkiye.org.tr\/en\/wp-json\/wp\/v2\/users\/1"}],"replies":[{"embeddable":true,"href":"https:\/\/www.skupturkiye.org.tr\/en\/wp-json\/wp\/v2\/comments?post=54104"}],"version-history":[{"count":24,"href":"https:\/\/www.skupturkiye.org.tr\/en\/wp-json\/wp\/v2\/pages\/54104\/revisions"}],"predecessor-version":[{"id":55844,"href":"https:\/\/www.skupturkiye.org.tr\/en\/wp-json\/wp\/v2\/pages\/54104\/revisions\/55844"}],"wp:attachment":[{"href":"https:\/\/www.skupturkiye.org.tr\/en\/wp-json\/wp\/v2\/media?parent=54104"}],"curies":[{"name":"wp","href":"https:\/\/api.w.org\/{rel}","templated":true}]}}