{"id":54685,"date":"2024-08-26T11:55:53","date_gmt":"2024-08-26T08:55:53","guid":{"rendered":"https:\/\/www.skupturkiye.org.tr\/?page_id=54685"},"modified":"2024-08-26T14:10:18","modified_gmt":"2024-08-26T11:10:18","slug":"european-mobility-week-2024","status":"publish","type":"page","link":"https:\/\/www.skupturkiye.org.tr\/en\/european-mobility-week-2024\/","title":{"rendered":"European Mobility Week 2024"},"content":{"rendered":"\t\t<div data-elementor-type=\"wp-page\" data-elementor-id=\"54685\" class=\"elementor elementor-54685\">\n\t\t\t\t\t\t<section class=\"elementor-section elementor-top-section elementor-element elementor-element-8fb7a7f elementor-section-boxed elementor-section-height-default elementor-section-height-default tm-col-stretched-none tm-bg-color-over-image\" data-id=\"8fb7a7f\" data-element_type=\"section\">\n\t\t\t\t\t\t<div class=\"elementor-container elementor-column-gap-default\">\n\t\t\t\t\t<div class=\"elementor-column elementor-col-100 elementor-top-column elementor-element elementor-element-796059b tm-bg-color-over-image\" data-id=\"796059b\" data-element_type=\"column\">\n\t\t\t<div class=\"elementor-widget-wrap elementor-element-populated\">\n\t\t\t\t\t\t<section class=\"elementor-section elementor-inner-section elementor-element elementor-element-4553176 elementor-section-boxed elementor-section-height-default elementor-section-height-default tm-col-stretched-none tm-bg-color-over-image\" data-id=\"4553176\" data-element_type=\"section\">\n\t\t\t\t\t\t<div class=\"elementor-container elementor-column-gap-extended\">\n\t\t\t\t\t<div class=\"elementor-column elementor-col-100 elementor-inner-column elementor-element elementor-element-7e24708 tm-bg-color-over-image\" data-id=\"7e24708\" data-element_type=\"column\">\n\t\t\t<div class=\"elementor-widget-wrap elementor-element-populated\">\n\t\t\t\t\t\t<div class=\"elementor-element elementor-element-f513579 elementor-widget elementor-widget-tm-ele-text-editor-advanced\" data-id=\"f513579\" data-element_type=\"widget\" data-widget_type=\"tm-ele-text-editor-advanced.default\">\n\t\t\t\t<div class=\"elementor-widget-container\">\n\t\t\t\t\t<div class=\"tm-text-editor-advanced\">\r\n\t\t\t\t\t<div class=\"each-item elementor-repeater-item-a6da879\">\r\n\t\t\t\t<h3>European Mobility Week \u2013 Theme 2024<\/h3><h4><strong>Shared Public Space<\/strong><\/h4>\t\t\t\t<\/div>\r\n\t\t\t\t\t\t<\/div>\r\n\t\t\t<\/div>\n\t\t\t\t<\/div>\n\t\t\t\t<div class=\"elementor-element elementor-element-a81baa4 elementor-widget elementor-widget-tm-ele-text-editor-advanced\" data-id=\"a81baa4\" data-element_type=\"widget\" data-widget_type=\"tm-ele-text-editor-advanced.default\">\n\t\t\t\t<div class=\"elementor-widget-container\">\n\t\t\t\t\t<div class=\"tm-text-editor-advanced\">\r\n\t\t\t\t\t<div class=\"each-item elementor-repeater-item-11aec28\">\r\n\t\t\t\t<p>The global flagship project of urban mobility, European Mobility Week, will once again be celebrated under the umbrella of the SUMP T\u00fcrkiye project from September 16-22, 2024, simultaneously with all of Europe!<\/p>\t\t\t\t<\/div>\r\n\t\t\t\t\t\t<\/div>\r\n\t\t\t<\/div>\n\t\t\t\t<\/div>\n\t\t\t\t<div class=\"elementor-element elementor-element-7cf4e8a elementor-widget elementor-widget-tm-ele-text-editor-advanced\" data-id=\"7cf4e8a\" data-element_type=\"widget\" data-widget_type=\"tm-ele-text-editor-advanced.default\">\n\t\t\t\t<div class=\"elementor-widget-container\">\n\t\t\t\t\t<div class=\"tm-text-editor-advanced\">\r\n\t\t\t\t\t<div class=\"each-item elementor-repeater-item-11aec28\">\r\n\t\t\t\t<p>Last year, T\u00fcrkiye became the European leader in participation, with a record number of project submissions from 670 municipalities. This year, the goal is to increase the number of high-quality project submissions and bring home even more awards from the week!<\/p>\t\t\t\t<\/div>\r\n\t\t\t\t\t\t<\/div>\r\n\t\t\t<\/div>\n\t\t\t\t<\/div>\n\t\t\t\t<div class=\"elementor-element elementor-element-1e1796a elementor-widget elementor-widget-tm-ele-text-editor-advanced\" data-id=\"1e1796a\" data-element_type=\"widget\" data-widget_type=\"tm-ele-text-editor-advanced.default\">\n\t\t\t\t<div class=\"elementor-widget-container\">\n\t\t\t\t\t<div class=\"tm-text-editor-advanced\">\r\n\t\t\t\t\t<div class=\"each-item elementor-repeater-item-11aec28\">\r\n\t\t\t\t<div><p>Celebrated in all our cities in collaboration with SUMP T\u00fcrkiye, European Mobility Week 2024 has announced its theme as \"Shared Public Space,\" calling out to all of T\u00fcrkiye:<\/p><\/div><div>\u201cLet\u2019s Experience the City Together in Shared Public Spaces!\u201d<\/div><div><\/div><div><div>Come on, T\u00fcrkiye, let\u2019s use our Shared Public Spaces more efficiently and fairly:<\/div><ul><li>Let\u2019s increase pedestrianized streets!<\/li><li>Let\u2019s use bike lanes!<\/li><li>Let\u2019s meet in parks and walking routes!<\/li><li>Let\u2019s switch to electric vehicles!<\/li><li>Let\u2019s use public transportation!<\/li><\/ul><\/div>\t\t\t\t<\/div>\r\n\t\t\t\t\t\t<\/div>\r\n\t\t\t<\/div>\n\t\t\t\t<\/div>\n\t\t\t\t<div class=\"elementor-element elementor-element-c11a4b2 elementor-widget elementor-widget-tm-ele-text-editor-advanced\" data-id=\"c11a4b2\" data-element_type=\"widget\" data-widget_type=\"tm-ele-text-editor-advanced.default\">\n\t\t\t\t<div class=\"elementor-widget-container\">\n\t\t\t\t\t<div class=\"tm-text-editor-advanced\">\r\n\t\t\t\t\t<div class=\"each-item elementor-repeater-item-11aec28\">\r\n\t\t\t\t<div>Join now as a SUMP T\u00fcrkiye Volunteer! Start using sustainable urban transportation methods more frequently. During European Mobility Week 2024, let\u2019s experience a greener, healthier, safer, quieter, and traffic-free city together in Shared Public Spaces!<\/div><div>The primary hashtags for the campaign on social media are:<\/div><div><p>#SharedPublicSpaces #MobilityWeek<\/p><\/div>\t\t\t\t<\/div>\r\n\t\t\t\t\t\t<\/div>\r\n\t\t\t<\/div>\n\t\t\t\t<\/div>\n\t\t\t\t<div class=\"elementor-element elementor-element-0c317af elementor-widget elementor-widget-tm-ele-text-editor-advanced\" data-id=\"0c317af\" data-element_type=\"widget\" data-widget_type=\"tm-ele-text-editor-advanced.default\">\n\t\t\t\t<div class=\"elementor-widget-container\">\n\t\t\t\t\t<div class=\"tm-text-editor-advanced\">\r\n\t\t\t\t\t<div class=\"each-item elementor-repeater-item-11aec28\">\r\n\t\t\t\t<div><h4><strong>2024 Theme Design Documents:<\/strong><\/h4><\/div><div>You can download the design documents prepared for the theme of European Mobility Week 2024, \"Let\u2019s Experience the City Together in Shared Public Spaces!\" from the links below.<\/div>\t\t\t\t<\/div>\r\n\t\t\t\t\t\t<\/div>\r\n\t\t\t<\/div>\n\t\t\t\t<\/div>\n\t\t\t\t<div class=\"elementor-element elementor-element-4d09de2 elementor-widget elementor-widget-tm-ele-text-editor-advanced\" data-id=\"4d09de2\" data-element_type=\"widget\" data-widget_type=\"tm-ele-text-editor-advanced.default\">\n\t\t\t\t<div class=\"elementor-widget-container\">\n\t\t\t\t\t<div class=\"tm-text-editor-advanced\">\r\n\t\t\t\t\t<div class=\"each-item elementor-repeater-item-11aec28\">\r\n\t\t\t\t<div><div>1. Posters in Turkish:<\/div><\/div><div><div><a href=\"https:\/\/www.skupturkiye.org.tr\/wp-content\/uploads\/2024\/07\/4-lu-ANA-TEMA-AFISLERI.pdf\" target=\"_blank\" rel=\"noopener noreferrer\"><strong><em>Ana Afi\u015f Bask\u0131 Dosyas\u0131 (4 Versiyon)<\/em><\/strong><\/a>\u00a0<\/div><div><p><a href=\"https:\/\/www.skupturkiye.org.tr\/wp-content\/uploads\/2024\/07\/ALT-AFISLER.pdf\" target=\"_blank\" rel=\"noopener noreferrer\"><strong><em>Alt Tema Afi\u015fleri Bask\u0131 Dosyas\u0131\u00a0 (10 adet)<\/em><\/strong><\/a><strong><em><\/em><\/strong><a target=\"_blank\" rel=\"noopener noreferrer\" class=\"autolinked\" data-behavior=\"truncate\" href=\"https:\/\/mobilityweek.eu\/campaign-resources\/\"><\/a><\/p><\/div><\/div>\t\t\t\t<\/div>\r\n\t\t\t\t\t\t<\/div>\r\n\t\t\t<\/div>\n\t\t\t\t<\/div>\n\t\t\t\t<div class=\"elementor-element elementor-element-5df3eec elementor-widget elementor-widget-tm-ele-text-editor-advanced\" data-id=\"5df3eec\" data-element_type=\"widget\" data-widget_type=\"tm-ele-text-editor-advanced.default\">\n\t\t\t\t<div class=\"elementor-widget-container\">\n\t\t\t\t\t<div class=\"tm-text-editor-advanced\">\r\n\t\t\t\t\t<div class=\"each-item elementor-repeater-item-11aec28\">\r\n\t\t\t\t<div><\/div><div><div><p>2. Original Documents:<br \/><a target=\"_blank\" rel=\"noopener noreferrer\" class=\"autolinked\" data-behavior=\"truncate\" href=\"https:\/\/mobilityweek.eu\/campaign-resources\/\">https:\/\/mobilityweek.eu\/campaign-resources\/<\/a><\/p><\/div><\/div>\t\t\t\t<\/div>\r\n\t\t\t\t\t\t<\/div>\r\n\t\t\t<\/div>\n\t\t\t\t<\/div>\n\t\t\t\t<div class=\"elementor-element elementor-element-3641e8c elementor-widget elementor-widget-tm-ele-text-editor-advanced\" data-id=\"3641e8c\" data-element_type=\"widget\" data-widget_type=\"tm-ele-text-editor-advanced.default\">\n\t\t\t\t<div class=\"elementor-widget-container\">\n\t\t\t\t\t<div class=\"tm-text-editor-advanced\">\r\n\t\t\t\t\t<div class=\"each-item elementor-repeater-item-11aec28\">\r\n\t\t\t\t<div><\/div><div><div><p><a href=\"https:\/\/mobilityweek.eu\/theme-2024\/\"><strong>Click here<\/strong><\/a> to learn more from the European Mobility Week website<\/p><\/div><\/div>\t\t\t\t<\/div>\r\n\t\t\t\t\t\t<\/div>\r\n\t\t\t<\/div>\n\t\t\t\t<\/div>\n\t\t\t\t\t<\/div>\n\t\t<\/div>\n\t\t\t\t\t<\/div>\n\t\t<\/section>\n\t\t\t\t\t<\/div>\n\t\t<\/div>\n\t\t\t\t\t<\/div>\n\t\t<\/section>\n\t\t\t\t<\/div>\n\t\t","protected":false},"excerpt":{"rendered":"<p>European Mobility Week \u2013 Theme 2024 Shared Public Space The global flagship project of urban mobility, European Mobility Week, will&#8230;<\/p>\n","protected":false},"author":1,"featured_media":0,"parent":0,"menu_order":0,"comment_status":"closed","ping_status":"closed","template":"","meta":{"footnotes":""},"class_list":["post-54685","page","type-page","status-publish","hentry"],"yoast_head":"<!-- This site is optimized with the Yoast SEO plugin v23.9 - https:\/\/yoast.com\/wordpress\/plugins\/seo\/ -->\n<title>European Mobility Week 2024 - SKUP T\u00dcRK\u0130YE<\/title>\n<meta name=\"robots\" content=\"index, follow, max-snippet:-1, max-image-preview:large, max-video-preview:-1\" \/>\n<link rel=\"canonical\" href=\"https:\/\/www.skupturkiye.org.tr\/en\/european-mobility-week-2024\/\" \/>\n<meta property=\"og:locale\" content=\"en_US\" \/>\n<meta property=\"og:type\" content=\"article\" \/>\n<meta property=\"og:title\" content=\"European Mobility Week 2024 - SKUP T\u00dcRK\u0130YE\" \/>\n<meta property=\"og:description\" content=\"European Mobility Week \u2013 Theme 2024 Shared Public Space The global flagship project of urban mobility, European Mobility Week, will...\" \/>\n<meta property=\"og:url\" content=\"https:\/\/www.skupturkiye.org.tr\/en\/european-mobility-week-2024\/\" \/>\n<meta property=\"og:site_name\" content=\"SKUP T\u00dcRK\u0130YE\" \/>\n<meta property=\"article:modified_time\" content=\"2024-08-26T11:10:18+00:00\" \/>\n<meta name=\"twitter:card\" content=\"summary_large_image\" \/>\n<meta name=\"twitter:label1\" content=\"Est. reading time\" \/>\n\t<meta name=\"twitter:data1\" content=\"2 minutes\" \/>\n<script type=\"application\/ld+json\" class=\"yoast-schema-graph\">{\"@context\":\"https:\/\/schema.org\",\"@graph\":[{\"@type\":\"WebPage\",\"@id\":\"https:\/\/www.skupturkiye.org.tr\/en\/european-mobility-week-2024\/\",\"url\":\"https:\/\/www.skupturkiye.org.tr\/en\/european-mobility-week-2024\/\",\"name\":\"European Mobility Week 2024 - SKUP T\u00dcRK\u0130YE\",\"isPartOf\":{\"@id\":\"https:\/\/www.skupturkiye.org.tr\/#website\"},\"datePublished\":\"2024-08-26T08:55:53+00:00\",\"dateModified\":\"2024-08-26T11:10:18+00:00\",\"breadcrumb\":{\"@id\":\"https:\/\/www.skupturkiye.org.tr\/en\/european-mobility-week-2024\/#breadcrumb\"},\"inLanguage\":\"en-US\",\"potentialAction\":[{\"@type\":\"ReadAction\",\"target\":[\"https:\/\/www.skupturkiye.org.tr\/en\/european-mobility-week-2024\/\"]}]},{\"@type\":\"BreadcrumbList\",\"@id\":\"https:\/\/www.skupturkiye.org.tr\/en\/european-mobility-week-2024\/#breadcrumb\",\"itemListElement\":[{\"@type\":\"ListItem\",\"position\":1,\"name\":\"Anasayfa\",\"item\":\"https:\/\/www.skupturkiye.org.tr\/en\/\"},{\"@type\":\"ListItem\",\"position\":2,\"name\":\"European Mobility Week 2024\"}]},{\"@type\":\"WebSite\",\"@id\":\"https:\/\/www.skupturkiye.org.tr\/#website\",\"url\":\"https:\/\/www.skupturkiye.org.tr\/\",\"name\":\"SKUP T\u00dcRK\u0130YE\",\"description\":\"\",\"potentialAction\":[{\"@type\":\"SearchAction\",\"target\":{\"@type\":\"EntryPoint\",\"urlTemplate\":\"https:\/\/www.skupturkiye.org.tr\/?s={search_term_string}\"},\"query-input\":{\"@type\":\"PropertyValueSpecification\",\"valueRequired\":true,\"valueName\":\"search_term_string\"}}],\"inLanguage\":\"en-US\"}]}<\/script>\n<!-- \/ Yoast SEO plugin. -->","yoast_head_json":{"title":"European Mobility Week 2024 - SKUP T\u00dcRK\u0130YE","robots":{"index":"index","follow":"follow","max-snippet":"max-snippet:-1","max-image-preview":"max-image-preview:large","max-video-preview":"max-video-preview:-1"},"canonical":"https:\/\/www.skupturkiye.org.tr\/en\/european-mobility-week-2024\/","og_locale":"en_US","og_type":"article","og_title":"European Mobility Week 2024 - SKUP T\u00dcRK\u0130YE","og_description":"European Mobility Week \u2013 Theme 2024 Shared Public Space The global flagship project of urban mobility, European Mobility Week, will...","og_url":"https:\/\/www.skupturkiye.org.tr\/en\/european-mobility-week-2024\/","og_site_name":"SKUP T\u00dcRK\u0130YE","article_modified_time":"2024-08-26T11:10:18+00:00","twitter_card":"summary_large_image","twitter_misc":{"Est. reading time":"2 minutes"},"schema":{"@context":"https:\/\/schema.org","@graph":[{"@type":"WebPage","@id":"https:\/\/www.skupturkiye.org.tr\/en\/european-mobility-week-2024\/","url":"https:\/\/www.skupturkiye.org.tr\/en\/european-mobility-week-2024\/","name":"European Mobility Week 2024 - SKUP T\u00dcRK\u0130YE","isPartOf":{"@id":"https:\/\/www.skupturkiye.org.tr\/#website"},"datePublished":"2024-08-26T08:55:53+00:00","dateModified":"2024-08-26T11:10:18+00:00","breadcrumb":{"@id":"https:\/\/www.skupturkiye.org.tr\/en\/european-mobility-week-2024\/#breadcrumb"},"inLanguage":"en-US","potentialAction":[{"@type":"ReadAction","target":["https:\/\/www.skupturkiye.org.tr\/en\/european-mobility-week-2024\/"]}]},{"@type":"BreadcrumbList","@id":"https:\/\/www.skupturkiye.org.tr\/en\/european-mobility-week-2024\/#breadcrumb","itemListElement":[{"@type":"ListItem","position":1,"name":"Anasayfa","item":"https:\/\/www.skupturkiye.org.tr\/en\/"},{"@type":"ListItem","position":2,"name":"European Mobility Week 2024"}]},{"@type":"WebSite","@id":"https:\/\/www.skupturkiye.org.tr\/#website","url":"https:\/\/www.skupturkiye.org.tr\/","name":"SKUP T\u00dcRK\u0130YE","description":"","potentialAction":[{"@type":"SearchAction","target":{"@type":"EntryPoint","urlTemplate":"https:\/\/www.skupturkiye.org.tr\/?s={search_term_string}"},"query-input":{"@type":"PropertyValueSpecification","valueRequired":true,"valueName":"search_term_string"}}],"inLanguage":"en-US"}]}},"wpcf_dashboard":"<div class=\"woocommerce\"><div class=\"woocommerce-info\">Please log in first? <a class=\"wpneoShowLogin\" href=\"#\">Click here to login<\/a><\/div><div class=\"wpneo_login_form_div\" style=\"display: none;\"><form name=\"loginform\" id=\"loginform\" action=\"https:\/\/www.skupturkiye.org.tr\/wp-login.php\" method=\"post\"><p class=\"login-username\">\n\t\t\t\t<label for=\"user_login\">Username or Email Address<\/label>\n\t\t\t\t<input type=\"text\" name=\"log\" id=\"user_login\" autocomplete=\"username\" class=\"input\" value=\"\" size=\"20\" \/>\n\t\t\t<\/p><p class=\"login-password\">\n\t\t\t\t<label for=\"user_pass\">Password<\/label>\n\t\t\t\t<input type=\"password\" name=\"pwd\" id=\"user_pass\" autocomplete=\"current-password\" spellcheck=\"false\" class=\"input\" value=\"\" size=\"20\" \/>\n\t\t\t<\/p><p class=\"login-remember\"><label><input name=\"rememberme\" type=\"checkbox\" id=\"rememberme\" value=\"forever\" \/> Remember Me<\/label><\/p><p class=\"login-submit\">\n\t\t\t\t<input type=\"submit\" name=\"wp-submit\" id=\"wp-submit\" class=\"button button-primary\" value=\"Log In\" \/>\n\t\t\t\t<input type=\"hidden\" name=\"redirect_to\" value=\"https:\/\/www.skupturkiye.org.tr\/en\/wp-json\/wp\/v2\/pages\/54685\" \/>\n\t\t\t<\/p><\/form><\/div><\/div>","_links":{"self":[{"href":"https:\/\/www.skupturkiye.org.tr\/en\/wp-json\/wp\/v2\/pages\/54685","targetHints":{"allow":["GET"]}}],"collection":[{"href":"https:\/\/www.skupturkiye.org.tr\/en\/wp-json\/wp\/v2\/pages"}],"about":[{"href":"https:\/\/www.skupturkiye.org.tr\/en\/wp-json\/wp\/v2\/types\/page"}],"author":[{"embeddable":true,"href":"https:\/\/www.skupturkiye.org.tr\/en\/wp-json\/wp\/v2\/users\/1"}],"replies":[{"embeddable":true,"href":"https:\/\/www.skupturkiye.org.tr\/en\/wp-json\/wp\/v2\/comments?post=54685"}],"version-history":[{"count":22,"href":"https:\/\/www.skupturkiye.org.tr\/en\/wp-json\/wp\/v2\/pages\/54685\/revisions"}],"predecessor-version":[{"id":54716,"href":"https:\/\/www.skupturkiye.org.tr\/en\/wp-json\/wp\/v2\/pages\/54685\/revisions\/54716"}],"wp:attachment":[{"href":"https:\/\/www.skupturkiye.org.tr\/en\/wp-json\/wp\/v2\/media?parent=54685"}],"curies":[{"name":"wp","href":"https:\/\/api.w.org\/{rel}","templated":true}]}}