{"id":54740,"date":"2024-08-26T14:32:40","date_gmt":"2024-08-26T11:32:40","guid":{"rendered":"https:\/\/www.skupturkiye.org.tr\/?page_id=54740"},"modified":"2024-08-27T15:55:15","modified_gmt":"2024-08-27T12:55:15","slug":"urban-agenda","status":"publish","type":"page","link":"https:\/\/www.skupturkiye.org.tr\/en\/urban-agenda\/","title":{"rendered":"URBAN AGENDA"},"content":{"rendered":"\t\t<div data-elementor-type=\"wp-page\" data-elementor-id=\"54740\" class=\"elementor elementor-54740\">\n\t\t\t\t\t\t<section class=\"elementor-section elementor-top-section elementor-element elementor-element-d41f6db elementor-section-boxed elementor-section-height-default elementor-section-height-default tm-col-stretched-none tm-bg-color-over-image\" data-id=\"d41f6db\" data-element_type=\"section\">\n\t\t\t\t\t\t<div class=\"elementor-container elementor-column-gap-default\">\n\t\t\t\t\t<div class=\"elementor-column elementor-col-100 elementor-top-column elementor-element elementor-element-d995524 tm-bg-color-over-image\" data-id=\"d995524\" data-element_type=\"column\">\n\t\t\t<div class=\"elementor-widget-wrap elementor-element-populated\">\n\t\t\t\t\t\t<div class=\"elementor-element elementor-element-60a8f0d elementor-widget__width-initial elementor-widget elementor-widget-image\" data-id=\"60a8f0d\" data-element_type=\"widget\" data-widget_type=\"image.default\">\n\t\t\t\t<div class=\"elementor-widget-container\">\n\t\t\t<style>\/*! elementor - v3.21.0 - 08-05-2024 *\/\n.elementor-widget-image{text-align:center}.elementor-widget-image a{display:inline-block}.elementor-widget-image a img[src$=\".svg\"]{width:48px}.elementor-widget-image img{vertical-align:middle;display:inline-block}<\/style>\t\t\t\t\t\t\t\t\t\t<img fetchpriority=\"high\" decoding=\"async\" width=\"1024\" height=\"1024\" src=\"https:\/\/www.skupturkiye.org.tr\/wp-content\/uploads\/2024\/08\/kent-ajandasi-min-1024x1024.webp\" class=\"attachment-large size-large wp-image-54742\" alt=\"\" srcset=\"https:\/\/www.skupturkiye.org.tr\/wp-content\/uploads\/2024\/08\/kent-ajandasi-min-1024x1024.webp 1024w, https:\/\/www.skupturkiye.org.tr\/wp-content\/uploads\/2024\/08\/kent-ajandasi-min-300x300.webp 300w, https:\/\/www.skupturkiye.org.tr\/wp-content\/uploads\/2024\/08\/kent-ajandasi-min-150x150.webp 150w, https:\/\/www.skupturkiye.org.tr\/wp-content\/uploads\/2024\/08\/kent-ajandasi-min-768x768.webp 768w, https:\/\/www.skupturkiye.org.tr\/wp-content\/uploads\/2024\/08\/kent-ajandasi-min-550x550.webp 550w, https:\/\/www.skupturkiye.org.tr\/wp-content\/uploads\/2024\/08\/kent-ajandasi-min-650x650.webp 650w, https:\/\/www.skupturkiye.org.tr\/wp-content\/uploads\/2024\/08\/kent-ajandasi-min-600x600.webp 600w, https:\/\/www.skupturkiye.org.tr\/wp-content\/uploads\/2024\/08\/kent-ajandasi-min-100x100.webp 100w, https:\/\/www.skupturkiye.org.tr\/wp-content\/uploads\/2024\/08\/kent-ajandasi-min.webp 1080w\" sizes=\"(max-width: 1024px) 100vw, 1024px\" \/>\t\t\t\t\t\t\t\t\t\t\t\t\t<\/div>\n\t\t\t\t<\/div>\n\t\t\t\t<div class=\"elementor-element elementor-element-f20f3a9 elementor-widget__width-initial elementor-widget elementor-widget-text-editor\" data-id=\"f20f3a9\" data-element_type=\"widget\" data-widget_type=\"text-editor.default\">\n\t\t\t\t<div class=\"elementor-widget-container\">\n\t\t\t<style>\/*! elementor - v3.21.0 - 08-05-2024 *\/\n.elementor-widget-text-editor.elementor-drop-cap-view-stacked .elementor-drop-cap{background-color:#69727d;color:#fff}.elementor-widget-text-editor.elementor-drop-cap-view-framed .elementor-drop-cap{color:#69727d;border:3px solid;background-color:transparent}.elementor-widget-text-editor:not(.elementor-drop-cap-view-default) .elementor-drop-cap{margin-top:8px}.elementor-widget-text-editor:not(.elementor-drop-cap-view-default) .elementor-drop-cap-letter{width:1em;height:1em}.elementor-widget-text-editor .elementor-drop-cap{float:left;text-align:center;line-height:1;font-size:50px}.elementor-widget-text-editor .elementor-drop-cap-letter{display:inline-block}<\/style>\t\t\t\t<h4><strong>Now It&#8217;s Time to Experience the City! The Urban Agenda Begins!<\/strong><\/h4><p><\/p><div><div>As SUMP T\u00fcrkiye, we continue the major transformation in urban mobility for a more sustainable world with the Urban Agenda. Now, for the sustainable future of our cities, all citizens, institutions, and organizations are taking responsibility together, working in full cooperation to implement all necessary measures for a livable city.<br \/><br \/>Through the Urban Agenda, we invite municipalities and, through them, all city residents to become part of this transformation.<br \/><br \/>Under the Urban Agenda, municipalities offer small rewards to citizens who participate in free events using sustainable urban transportation methods, recognizing their courage in taking responsibility for the future of their cities.<\/div><div><br \/>Residents who follow the municipalities&#8217; agendas and choose to walk, bike, or use public transportation to reach their destinations feel proud of playing a personal role in the livable future of their cities by reducing their carbon footprint and leaving behind a city where their children can breathe freely.<\/div><\/div>\t\t\t\t\t\t<\/div>\n\t\t\t\t<\/div>\n\t\t\t\t<div class=\"elementor-element elementor-element-6f3321f elementor-widget__width-initial elementor-widget elementor-widget-text-editor\" data-id=\"6f3321f\" data-element_type=\"widget\" data-widget_type=\"text-editor.default\">\n\t\t\t\t<div class=\"elementor-widget-container\">\n\t\t\t\t\t\t\t<h4>Now, it&#8217;s time to fully experience your city with the Urban Agenda!<\/h4><div>Follow the SMS updates from your City Municipality and win rewards! When municipalities announce the opening of a new park, an upcoming concert, or invite citizens to discover hidden social and cultural spots in the city, their SMS notifications will include the hashtags:<\/div><div>#HopOnTheBike #HopOnTheMetro #HopOnTheBus #HopOnTheFerry #ComeByWalking<\/div><p>These calls encourage city dwellers to become SUMP T\u00fcrkiye Volunteers under the Urban Agenda. Those who prove they arrived at the event or location using sustainable transportation methods will receive surprise rewards. For example, they could win unforgettable gifts and memories like the chance to go backstage at a concert organized by the municipality or get an autographed t-shirt from the artist. Those who support the Urban Agenda\u2019s call to promote active mobility can also benefit from various opportunities and discounts within the city. Details will be announced via SMS from your city&#8217;s municipalities and shared on the municipality&#8217;s social media accounts.<\/p><h4><strong>You\u2019ll soon see the SUMP T\u00fcrkiye Volunteer logo in shop windows!<\/strong><\/h4><p>Our municipalities will also invite local businesses and shop owners who wish to be part of the project to become SUMP T\u00fcrkiye Volunteers, aiming to make sustainable urban transportation a part of our daily lives. Businesses that wish to participate will display the \u201cSUMP T\u00fcrkiye Volunteer\u201d logo in their windows, signaling, \u201cOpportunities for those who choose sustainable transportation are here.\u201d This promotion will be supported by the municipality. Citizens who choose to go shopping by bike or meet a friend for coffee by using public transportation instead of their private vehicle will have the chance to receive discounts and gifts from participating businesses.<\/p><p>With the Urban Agenda, both our city and we will win! Step by step, our habits will change, and our cities will become places we can truly enjoy living in. Small rewards will turn into big dreams.<\/p><div>Come on, #SKUPTurkeyVolunteer, take action to create cities with clean air, abundant greenery, and healthy, happy people! #ExperienceYourCity!<\/div>\t\t\t\t\t\t<\/div>\n\t\t\t\t<\/div>\n\t\t\t\t<div class=\"elementor-element elementor-element-4c28ada elementor-widget elementor-widget-text-editor\" data-id=\"4c28ada\" data-element_type=\"widget\" data-widget_type=\"text-editor.default\">\n\t\t\t\t<div class=\"elementor-widget-container\">\n\t\t\t\t\t\t\t<h4><strong>Municipalities Participating in the Urban Agenda Project as SUMP T\u00fcrkiye Volunteers<\/strong><\/h4><div>You can download the SUMP T\u00fcrkiye Volunteers logo, prepared specifically for each province, by clicking on the province names.<\/div><p><a href=\"https:\/\/www.skupturkiye.org.tr\/wp-content\/uploads\/2024\/04\/ANKARA.pdf\">ANKARA.pdf<\/a><br \/><a href=\"https:\/\/www.skupturkiye.org.tr\/wp-content\/uploads\/2024\/04\/BURSA.pdf\">BURSA.pdf<\/a><br \/><a href=\"https:\/\/www.skupturkiye.org.tr\/wp-content\/uploads\/2024\/04\/DENIZLI.pdf\">DEN\u0130ZL\u0130.pdf<\/a><br \/><a href=\"https:\/\/www.skupturkiye.org.tr\/wp-content\/uploads\/2024\/04\/DUZCE.pdf\">D\u00dcZCE.pdf<\/a><br \/><a href=\"https:\/\/www.skupturkiye.org.tr\/wp-content\/uploads\/2024\/04\/ESKISEHIR.pdf\">ESK\u0130\u015eEH\u0130R.pdf<\/a><br \/><a href=\"https:\/\/www.skupturkiye.org.tr\/wp-content\/uploads\/2024\/04\/GAZIANTEP.pdf\">GAZ\u0130ANTEP.pdf<\/a><br \/><a href=\"https:\/\/www.skupturkiye.org.tr\/wp-content\/uploads\/2024\/04\/ISTANBUL.pdf\">\u0130STANBUL.pdf<\/a><br \/><a href=\"https:\/\/www.skupturkiye.org.tr\/wp-content\/uploads\/2024\/04\/IZMIR.pdf\">\u0130ZM\u0130R.pdf<\/a><br \/><a href=\"https:\/\/www.skupturkiye.org.tr\/wp-content\/uploads\/2024\/04\/KOCAELI.pdf\">KOCAEL\u0130.pdf<\/a><br \/><a href=\"https:\/\/www.skupturkiye.org.tr\/wp-content\/uploads\/2024\/04\/KONYA.pdf\">KONYA.pdf<\/a><br \/><a href=\"https:\/\/www.skupturkiye.org.tr\/wp-content\/uploads\/2024\/04\/MERSIN.pdf\">MERS\u0130N.pdf<\/a><br \/><a href=\"https:\/\/www.skupturkiye.org.tr\/wp-content\/uploads\/2024\/04\/TRABZON.pdf\">TRABZON.pdf<\/a><\/p><p><a href=\"https:\/\/www.skupturkiye.org.tr\/wp-content\/uploads\/2024\/04\/SKUPTR-GONULLUSU-LOGO.pdf\">SKUPTR G\u00d6N\u00dcLL\u00dcS\u00dc LOGO.pdf<\/a><a href=\"https:\/\/www.skupturkiye.org.tr\/wp-content\/uploads\/2024\/03\/SKUPTR-GONULLUSU-LOGO.pdf\"><\/a><\/p>\t\t\t\t\t\t<\/div>\n\t\t\t\t<\/div>\n\t\t\t\t<div class=\"elementor-element elementor-element-ab30a31 elementor-widget__width-initial elementor-widget elementor-widget-text-editor\" data-id=\"ab30a31\" data-element_type=\"widget\" data-widget_type=\"text-editor.default\">\n\t\t\t\t<div class=\"elementor-widget-container\">\n\t\t\t\t\t\t\t<h2><strong>Urban Agenda Meetings on Our YouTube Channel!<\/strong><\/h2><div>You can watch the Urban Agenda communication component meetings we held with our country&#8217;s municipalities on our YouTube channel.<\/div><div><p>A sustainable urban life is a right for all of us! Don\u2019t forget to share your ideas in the comments for a fair and inclusive urban life experience!<\/p><p><\/p><\/div><div><strong><a href=\"https:\/\/www.youtube.com\/playlist?list=PLvULbbQAS00f7wOTAIDP_tg7R5TwvZwOF\"><span style=\"text-decoration: underline;\">Click here<\/span><\/a><\/strong>\u00a0to watch the meeting recordings!<\/div><div>*The meetings which avalable are on Youtube Channel are in Turkish.<\/div>\t\t\t\t\t\t<\/div>\n\t\t\t\t<\/div>\n\t\t\t\t\t<\/div>\n\t\t<\/div>\n\t\t\t\t\t<\/div>\n\t\t<\/section>\n\t\t\t\t<\/div>\n\t\t","protected":false},"excerpt":{"rendered":"<p>Now It&#8217;s Time to Experience the City! The Urban Agenda Begins! As SUMP T\u00fcrkiye, we continue the major transformation in&#8230;<\/p>\n","protected":false},"author":1,"featured_media":0,"parent":0,"menu_order":0,"comment_status":"closed","ping_status":"closed","template":"","meta":{"footnotes":""},"class_list":["post-54740","page","type-page","status-publish","hentry"],"yoast_head":"<!-- This site is optimized with the Yoast SEO plugin v23.9 - https:\/\/yoast.com\/wordpress\/plugins\/seo\/ -->\n<title>URBAN AGENDA - SKUP T\u00dcRK\u0130YE<\/title>\n<meta name=\"robots\" content=\"index, follow, max-snippet:-1, max-image-preview:large, max-video-preview:-1\" \/>\n<link rel=\"canonical\" href=\"https:\/\/www.skupturkiye.org.tr\/en\/urban-agenda\/\" \/>\n<meta property=\"og:locale\" content=\"en_US\" \/>\n<meta property=\"og:type\" content=\"article\" \/>\n<meta property=\"og:title\" content=\"URBAN AGENDA - SKUP T\u00dcRK\u0130YE\" \/>\n<meta property=\"og:description\" content=\"Now It&#8217;s Time to Experience the City! The Urban Agenda Begins! As SUMP T\u00fcrkiye, we continue the major transformation in...\" \/>\n<meta property=\"og:url\" content=\"https:\/\/www.skupturkiye.org.tr\/en\/urban-agenda\/\" \/>\n<meta property=\"og:site_name\" content=\"SKUP T\u00dcRK\u0130YE\" \/>\n<meta property=\"article:modified_time\" content=\"2024-08-27T12:55:15+00:00\" \/>\n<meta property=\"og:image\" content=\"https:\/\/www.skupturkiye.org.tr\/wp-content\/uploads\/2024\/08\/kent-ajandasi-min-1024x1024.webp\" \/>\n<meta name=\"twitter:card\" content=\"summary_large_image\" \/>\n<meta name=\"twitter:label1\" content=\"Est. reading time\" \/>\n\t<meta name=\"twitter:data1\" content=\"3 minutes\" \/>\n<script type=\"application\/ld+json\" class=\"yoast-schema-graph\">{\"@context\":\"https:\/\/schema.org\",\"@graph\":[{\"@type\":\"WebPage\",\"@id\":\"https:\/\/www.skupturkiye.org.tr\/en\/urban-agenda\/\",\"url\":\"https:\/\/www.skupturkiye.org.tr\/en\/urban-agenda\/\",\"name\":\"URBAN AGENDA - SKUP T\u00dcRK\u0130YE\",\"isPartOf\":{\"@id\":\"https:\/\/www.skupturkiye.org.tr\/#website\"},\"primaryImageOfPage\":{\"@id\":\"https:\/\/www.skupturkiye.org.tr\/en\/urban-agenda\/#primaryimage\"},\"image\":{\"@id\":\"https:\/\/www.skupturkiye.org.tr\/en\/urban-agenda\/#primaryimage\"},\"thumbnailUrl\":\"https:\/\/www.skupturkiye.org.tr\/wp-content\/uploads\/2024\/08\/kent-ajandasi-min-1024x1024.webp\",\"datePublished\":\"2024-08-26T11:32:40+00:00\",\"dateModified\":\"2024-08-27T12:55:15+00:00\",\"breadcrumb\":{\"@id\":\"https:\/\/www.skupturkiye.org.tr\/en\/urban-agenda\/#breadcrumb\"},\"inLanguage\":\"en-US\",\"potentialAction\":[{\"@type\":\"ReadAction\",\"target\":[\"https:\/\/www.skupturkiye.org.tr\/en\/urban-agenda\/\"]}]},{\"@type\":\"ImageObject\",\"inLanguage\":\"en-US\",\"@id\":\"https:\/\/www.skupturkiye.org.tr\/en\/urban-agenda\/#primaryimage\",\"url\":\"https:\/\/www.skupturkiye.org.tr\/wp-content\/uploads\/2024\/08\/kent-ajandasi-min-1024x1024.webp\",\"contentUrl\":\"https:\/\/www.skupturkiye.org.tr\/wp-content\/uploads\/2024\/08\/kent-ajandasi-min-1024x1024.webp\"},{\"@type\":\"BreadcrumbList\",\"@id\":\"https:\/\/www.skupturkiye.org.tr\/en\/urban-agenda\/#breadcrumb\",\"itemListElement\":[{\"@type\":\"ListItem\",\"position\":1,\"name\":\"Anasayfa\",\"item\":\"https:\/\/www.skupturkiye.org.tr\/en\/\"},{\"@type\":\"ListItem\",\"position\":2,\"name\":\"URBAN AGENDA\"}]},{\"@type\":\"WebSite\",\"@id\":\"https:\/\/www.skupturkiye.org.tr\/#website\",\"url\":\"https:\/\/www.skupturkiye.org.tr\/\",\"name\":\"SKUP T\u00dcRK\u0130YE\",\"description\":\"\",\"potentialAction\":[{\"@type\":\"SearchAction\",\"target\":{\"@type\":\"EntryPoint\",\"urlTemplate\":\"https:\/\/www.skupturkiye.org.tr\/?s={search_term_string}\"},\"query-input\":{\"@type\":\"PropertyValueSpecification\",\"valueRequired\":true,\"valueName\":\"search_term_string\"}}],\"inLanguage\":\"en-US\"}]}<\/script>\n<!-- \/ Yoast SEO plugin. -->","yoast_head_json":{"title":"URBAN AGENDA - SKUP T\u00dcRK\u0130YE","robots":{"index":"index","follow":"follow","max-snippet":"max-snippet:-1","max-image-preview":"max-image-preview:large","max-video-preview":"max-video-preview:-1"},"canonical":"https:\/\/www.skupturkiye.org.tr\/en\/urban-agenda\/","og_locale":"en_US","og_type":"article","og_title":"URBAN AGENDA - SKUP T\u00dcRK\u0130YE","og_description":"Now It&#8217;s Time to Experience the City! The Urban Agenda Begins! As SUMP T\u00fcrkiye, we continue the major transformation in...","og_url":"https:\/\/www.skupturkiye.org.tr\/en\/urban-agenda\/","og_site_name":"SKUP T\u00dcRK\u0130YE","article_modified_time":"2024-08-27T12:55:15+00:00","og_image":[{"url":"https:\/\/www.skupturkiye.org.tr\/wp-content\/uploads\/2024\/08\/kent-ajandasi-min-1024x1024.webp"}],"twitter_card":"summary_large_image","twitter_misc":{"Est. reading time":"3 minutes"},"schema":{"@context":"https:\/\/schema.org","@graph":[{"@type":"WebPage","@id":"https:\/\/www.skupturkiye.org.tr\/en\/urban-agenda\/","url":"https:\/\/www.skupturkiye.org.tr\/en\/urban-agenda\/","name":"URBAN AGENDA - SKUP T\u00dcRK\u0130YE","isPartOf":{"@id":"https:\/\/www.skupturkiye.org.tr\/#website"},"primaryImageOfPage":{"@id":"https:\/\/www.skupturkiye.org.tr\/en\/urban-agenda\/#primaryimage"},"image":{"@id":"https:\/\/www.skupturkiye.org.tr\/en\/urban-agenda\/#primaryimage"},"thumbnailUrl":"https:\/\/www.skupturkiye.org.tr\/wp-content\/uploads\/2024\/08\/kent-ajandasi-min-1024x1024.webp","datePublished":"2024-08-26T11:32:40+00:00","dateModified":"2024-08-27T12:55:15+00:00","breadcrumb":{"@id":"https:\/\/www.skupturkiye.org.tr\/en\/urban-agenda\/#breadcrumb"},"inLanguage":"en-US","potentialAction":[{"@type":"ReadAction","target":["https:\/\/www.skupturkiye.org.tr\/en\/urban-agenda\/"]}]},{"@type":"ImageObject","inLanguage":"en-US","@id":"https:\/\/www.skupturkiye.org.tr\/en\/urban-agenda\/#primaryimage","url":"https:\/\/www.skupturkiye.org.tr\/wp-content\/uploads\/2024\/08\/kent-ajandasi-min-1024x1024.webp","contentUrl":"https:\/\/www.skupturkiye.org.tr\/wp-content\/uploads\/2024\/08\/kent-ajandasi-min-1024x1024.webp"},{"@type":"BreadcrumbList","@id":"https:\/\/www.skupturkiye.org.tr\/en\/urban-agenda\/#breadcrumb","itemListElement":[{"@type":"ListItem","position":1,"name":"Anasayfa","item":"https:\/\/www.skupturkiye.org.tr\/en\/"},{"@type":"ListItem","position":2,"name":"URBAN AGENDA"}]},{"@type":"WebSite","@id":"https:\/\/www.skupturkiye.org.tr\/#website","url":"https:\/\/www.skupturkiye.org.tr\/","name":"SKUP T\u00dcRK\u0130YE","description":"","potentialAction":[{"@type":"SearchAction","target":{"@type":"EntryPoint","urlTemplate":"https:\/\/www.skupturkiye.org.tr\/?s={search_term_string}"},"query-input":{"@type":"PropertyValueSpecification","valueRequired":true,"valueName":"search_term_string"}}],"inLanguage":"en-US"}]}},"wpcf_dashboard":"<div class=\"woocommerce\"><div class=\"woocommerce-info\">Please log in first? <a class=\"wpneoShowLogin\" href=\"#\">Click here to login<\/a><\/div><div class=\"wpneo_login_form_div\" style=\"display: none;\"><form name=\"loginform\" id=\"loginform\" action=\"https:\/\/www.skupturkiye.org.tr\/wp-login.php\" method=\"post\"><p class=\"login-username\">\n\t\t\t\t<label for=\"user_login\">Username or Email Address<\/label>\n\t\t\t\t<input type=\"text\" name=\"log\" id=\"user_login\" autocomplete=\"username\" class=\"input\" value=\"\" size=\"20\" \/>\n\t\t\t<\/p><p class=\"login-password\">\n\t\t\t\t<label for=\"user_pass\">Password<\/label>\n\t\t\t\t<input type=\"password\" name=\"pwd\" id=\"user_pass\" autocomplete=\"current-password\" spellcheck=\"false\" class=\"input\" value=\"\" size=\"20\" \/>\n\t\t\t<\/p><p class=\"login-remember\"><label><input name=\"rememberme\" type=\"checkbox\" id=\"rememberme\" value=\"forever\" \/> Remember Me<\/label><\/p><p class=\"login-submit\">\n\t\t\t\t<input type=\"submit\" name=\"wp-submit\" id=\"wp-submit\" class=\"button button-primary\" value=\"Log In\" \/>\n\t\t\t\t<input type=\"hidden\" name=\"redirect_to\" value=\"https:\/\/www.skupturkiye.org.tr\/en\/wp-json\/wp\/v2\/pages\/54740\" \/>\n\t\t\t<\/p><\/form><\/div><\/div>","_links":{"self":[{"href":"https:\/\/www.skupturkiye.org.tr\/en\/wp-json\/wp\/v2\/pages\/54740","targetHints":{"allow":["GET"]}}],"collection":[{"href":"https:\/\/www.skupturkiye.org.tr\/en\/wp-json\/wp\/v2\/pages"}],"about":[{"href":"https:\/\/www.skupturkiye.org.tr\/en\/wp-json\/wp\/v2\/types\/page"}],"author":[{"embeddable":true,"href":"https:\/\/www.skupturkiye.org.tr\/en\/wp-json\/wp\/v2\/users\/1"}],"replies":[{"embeddable":true,"href":"https:\/\/www.skupturkiye.org.tr\/en\/wp-json\/wp\/v2\/comments?post=54740"}],"version-history":[{"count":11,"href":"https:\/\/www.skupturkiye.org.tr\/en\/wp-json\/wp\/v2\/pages\/54740\/revisions"}],"predecessor-version":[{"id":54764,"href":"https:\/\/www.skupturkiye.org.tr\/en\/wp-json\/wp\/v2\/pages\/54740\/revisions\/54764"}],"wp:attachment":[{"href":"https:\/\/www.skupturkiye.org.tr\/en\/wp-json\/wp\/v2\/media?parent=54740"}],"curies":[{"name":"wp","href":"https:\/\/api.w.org\/{rel}","templated":true}]}}